{"id":145,"date":"2015-01-20T17:10:30","date_gmt":"2015-01-20T20:10:30","guid":{"rendered":"http:\/\/www.mirolnet.com\/?page_id=145"},"modified":"2021-08-17T14:56:19","modified_gmt":"2021-08-17T17:56:19","slug":"software-tradicional-de-escritorio","status":"publish","type":"page","link":"https:\/\/www.mirol.com\/index.php\/software-tradicional-de-escritorio\/","title":{"rendered":"Suscripci\u00f3n de Instalaci\u00f3n Local"},"content":{"rendered":"<p>Contrataci\u00f3n de una suscripci\u00f3n anual del Software Mirol que se instala en la red local de la empresa, pudiendo adem\u00e1s crear una \u00abnube privada\u00bb.<\/p>\n<h2><a title=\"Mirol ERP PyMes\" href=\"http:\/\/www.mirolnet.com\/?page_id=79\"><span style=\"color: #008000;\">MIROL ERP PyME<\/span><\/a><\/h2>\n<p>Gracias a su gran versatilidad, Mirol Software ERP PyMEs se adapta totalmente a la organizaci\u00f3n de la empresa asegurando toda su administraci\u00f3n comercial, incluso en aquellas empresas con procesos de venta complejos y gesti\u00f3n de reaprovisionamiento multi-deposito. Los procesos de gesti\u00f3n aceleran el tratamiento de los pedidos y facturaci\u00f3n de compras y ventas, controlando la correcta aplicaci\u00f3n de la pol\u00edtica comercial y el riesgo de clientes.<\/p>\n<ul>\n<li>Ventas (Facturaci\u00f3n, Cuentas Corrientes, Pedidos, Remitos)<\/li>\n<li>Compras (Cuentas Corrientes, Ordenes de Compra, Remitos)<\/li>\n<li>Stock (Art\u00edculos, Listas de Precios, Costos)<\/li>\n<li>Tesorer\u00eda (Cajas, Bancos y Cartera de Valores)<\/li>\n<li>Cash Flow<\/li>\n<li>Gesti\u00f3n de abonos peri\u00f3dicos<\/li>\n<li>CRM (Seguimiento de temas con Prospectos o Clientes)<\/li>\n<li>Producci\u00f3n<\/li>\n<li>Contabilidad General<\/li>\n<\/ul>\n<h2><a title=\"Mirol ERP Constructoras\" href=\"http:\/\/www.mirolnet.com\/?page_id=26\"><span style=\"color: #008000;\">MIROL ERP Constructoras<\/span><\/a><\/h2>\n<p>Mirol Software ERP Constructoras es una suite de aplicaciones para la administraci\u00f3n de peque\u00f1as y medianas empresas constructoras. Gracias a su gran versatilidad, se adapta totalmente a la organizaci\u00f3n de la empresa asegurando toda su gesti\u00f3n contable, como asi tambi\u00e9n el seguimiento de los proyectos permitiendo el control de los desv\u00edos entre lo presupuestado y lo ejecutado de los ingresos y egresos.<\/p>\n<ul>\n<li>Ventas (Certificaci\u00f3n, Cuentas Corrientes)<\/li>\n<li>Compras (Cuentas Corrientes, Ordenes de Compra, Requerimiento de Materiales, Subcontratistas)<\/li>\n<li>Stock (Art\u00edculos, Costos)<\/li>\n<li>Tesorer\u00eda (Cajas, Bancos y Cartera de Valores)<\/li>\n<li>CRM (Seguimiento de temas con Prospectos o Clientes)<\/li>\n<li>Gesti\u00f3n de Planes de Pago (Fideicomisos o Venta)<\/li>\n<li>Proyectos (Control Presupuestos de Obra)<\/li>\n<li>Contabilidad General<\/li>\n<\/ul>\n<h2><a title=\"Mirol Gesti\u00f3n Inmobiliarias\" href=\"http:\/\/www.mirolnet.com\/?page_id=91\"><span style=\"color: #008000;\">MIROL Gesti\u00f3n Inmobiliarias<\/span><\/a><\/h2>\n<p>Mirol Software ERP Inmobiliario es la forma m\u00e1s simple y efectiva de administrar propiedades para venta o alquiler y consorcios, sin p\u00e9rdida de tiempo, ni control de la documentaci\u00f3n.<\/p>\n<ul>\n<li>Administraci\u00f3n de Propiedades en Alquiler<\/li>\n<li>Consorcios<\/li>\n<li>Gesti\u00f3n de Tareas pendientes<\/li>\n<li>Portal Web de Inquilinos y Propietarios<\/li>\n<li>Alquiler y Venta de Propiedades<\/li>\n<li>Tesorer\u00eda (Cajas, Bancos y Cartera de Valores)<\/li>\n<li>Contabilidad General (opcional)<\/li>\n<\/ul>\n","protected":false},"excerpt":{"rendered":"<p>Contrataci\u00f3n de una suscripci\u00f3n anual del Software Mirol que se instala en la red local de la empresa, pudiendo adem\u00e1s crear una \u00abnube privada\u00bb. MIROL ERP PyME Gracias a su gran versatilidad, Mirol Software ERP PyMEs se adapta totalmente a&#8230;<\/p>\n","protected":false},"author":1,"featured_media":0,"parent":0,"menu_order":0,"comment_status":"open","ping_status":"open","template":"templates\/fullwidth.php","meta":{"footnotes":""},"class_list":["post-145","page","type-page","status-publish","hentry"],"yoast_head":"<!-- This site is optimized with the Yoast SEO plugin v23.0 - https:\/\/yoast.com\/wordpress\/plugins\/seo\/ -->\r\n<title>Suscripci\u00f3n de Instalaci\u00f3n Local - Mirol SyS<\/title>\r\n<meta name=\"description\" content=\"Contrataci\u00f3n de una suscripci\u00f3n anual del Software Mirol que se instala en la red local de la empresa, pudiendo adem\u00e1s crear una &quot;nube privada&quot;.\" \/>\r\n<meta name=\"robots\" content=\"index, follow, max-snippet:-1, max-image-preview:large, max-video-preview:-1\" \/>\r\n<link rel=\"canonical\" href=\"https:\/\/www.mirol.com\/index.php\/software-tradicional-de-escritorio\/\" \/>\r\n<meta property=\"og:locale\" content=\"es_ES\" \/>\r\n<meta property=\"og:type\" content=\"article\" \/>\r\n<meta property=\"og:title\" content=\"Suscripci\u00f3n de Instalaci\u00f3n Local - Mirol SyS\" \/>\r\n<meta property=\"og:description\" content=\"Contrataci\u00f3n de una suscripci\u00f3n anual del Software Mirol que se instala en la red local de la empresa, pudiendo adem\u00e1s crear una &quot;nube privada&quot;.\" \/>\r\n<meta property=\"og:url\" content=\"https:\/\/www.mirol.com\/index.php\/software-tradicional-de-escritorio\/\" \/>\r\n<meta property=\"og:site_name\" content=\"Mirol SyS\" \/>\r\n<meta property=\"article:modified_time\" content=\"2021-08-17T17:56:19+00:00\" \/>\r\n<meta name=\"twitter:label1\" content=\"Tiempo de lectura\" \/>\n\t<meta name=\"twitter:data1\" content=\"2 minutos\" \/>\r\n<script type=\"application\/ld+json\" class=\"yoast-schema-graph\">{\"@context\":\"https:\/\/schema.org\",\"@graph\":[{\"@type\":\"WebPage\",\"@id\":\"https:\/\/www.mirol.com\/index.php\/software-tradicional-de-escritorio\/\",\"url\":\"https:\/\/www.mirol.com\/index.php\/software-tradicional-de-escritorio\/\",\"name\":\"Suscripci\u00f3n de Instalaci\u00f3n Local - Mirol SyS\",\"isPartOf\":{\"@id\":\"https:\/\/www.mirol.com\/#website\"},\"datePublished\":\"2015-01-20T20:10:30+00:00\",\"dateModified\":\"2021-08-17T17:56:19+00:00\",\"description\":\"Contrataci\u00f3n de una suscripci\u00f3n anual del Software Mirol que se instala en la red local de la empresa, pudiendo adem\u00e1s crear una \\\"nube privada\\\".\",\"breadcrumb\":{\"@id\":\"https:\/\/www.mirol.com\/index.php\/software-tradicional-de-escritorio\/#breadcrumb\"},\"inLanguage\":\"es\",\"potentialAction\":[{\"@type\":\"ReadAction\",\"target\":[\"https:\/\/www.mirol.com\/index.php\/software-tradicional-de-escritorio\/\"]}]},{\"@type\":\"BreadcrumbList\",\"@id\":\"https:\/\/www.mirol.com\/index.php\/software-tradicional-de-escritorio\/#breadcrumb\",\"itemListElement\":[{\"@type\":\"ListItem\",\"position\":1,\"name\":\"Portada\",\"item\":\"https:\/\/www.mirol.com\/\"},{\"@type\":\"ListItem\",\"position\":2,\"name\":\"Suscripci\u00f3n de Instalaci\u00f3n Local\"}]},{\"@type\":\"WebSite\",\"@id\":\"https:\/\/www.mirol.com\/#website\",\"url\":\"https:\/\/www.mirol.com\/\",\"name\":\"Mirol SyS\",\"description\":\"Software de Gesti\u00f3n para Empresas\",\"publisher\":{\"@id\":\"https:\/\/www.mirol.com\/#organization\"},\"potentialAction\":[{\"@type\":\"SearchAction\",\"target\":{\"@type\":\"EntryPoint\",\"urlTemplate\":\"https:\/\/www.mirol.com\/?s={search_term_string}\"},\"query-input\":\"required name=search_term_string\"}],\"inLanguage\":\"es\"},{\"@type\":\"Organization\",\"@id\":\"https:\/\/www.mirol.com\/#organization\",\"name\":\"Mirol SyS\",\"url\":\"https:\/\/www.mirol.com\/\",\"logo\":{\"@type\":\"ImageObject\",\"inLanguage\":\"es\",\"@id\":\"https:\/\/www.mirol.com\/#\/schema\/logo\/image\/\",\"url\":\"https:\/\/www.mirol.com\/wp-content\/uploads\/2015\/05\/Logo-rectangular.jpg\",\"contentUrl\":\"https:\/\/www.mirol.com\/wp-content\/uploads\/2015\/05\/Logo-rectangular.jpg\",\"width\":191,\"height\":74,\"caption\":\"Mirol SyS\"},\"image\":{\"@id\":\"https:\/\/www.mirol.com\/#\/schema\/logo\/image\/\"}}]}<\/script>\r\n<!-- \/ Yoast SEO plugin. -->","yoast_head_json":{"title":"Suscripci\u00f3n de Instalaci\u00f3n Local - Mirol SyS","description":"Contrataci\u00f3n de una suscripci\u00f3n anual del Software Mirol que se instala en la red local de la empresa, pudiendo adem\u00e1s crear una \"nube privada\".","robots":{"index":"index","follow":"follow","max-snippet":"max-snippet:-1","max-image-preview":"max-image-preview:large","max-video-preview":"max-video-preview:-1"},"canonical":"https:\/\/www.mirol.com\/index.php\/software-tradicional-de-escritorio\/","og_locale":"es_ES","og_type":"article","og_title":"Suscripci\u00f3n de Instalaci\u00f3n Local - Mirol SyS","og_description":"Contrataci\u00f3n de una suscripci\u00f3n anual del Software Mirol que se instala en la red local de la empresa, pudiendo adem\u00e1s crear una \"nube privada\".","og_url":"https:\/\/www.mirol.com\/index.php\/software-tradicional-de-escritorio\/","og_site_name":"Mirol SyS","article_modified_time":"2021-08-17T17:56:19+00:00","twitter_misc":{"Tiempo de lectura":"2 minutos"},"schema":{"@context":"https:\/\/schema.org","@graph":[{"@type":"WebPage","@id":"https:\/\/www.mirol.com\/index.php\/software-tradicional-de-escritorio\/","url":"https:\/\/www.mirol.com\/index.php\/software-tradicional-de-escritorio\/","name":"Suscripci\u00f3n de Instalaci\u00f3n Local - Mirol SyS","isPartOf":{"@id":"https:\/\/www.mirol.com\/#website"},"datePublished":"2015-01-20T20:10:30+00:00","dateModified":"2021-08-17T17:56:19+00:00","description":"Contrataci\u00f3n de una suscripci\u00f3n anual del Software Mirol que se instala en la red local de la empresa, pudiendo adem\u00e1s crear una \"nube privada\".","breadcrumb":{"@id":"https:\/\/www.mirol.com\/index.php\/software-tradicional-de-escritorio\/#breadcrumb"},"inLanguage":"es","potentialAction":[{"@type":"ReadAction","target":["https:\/\/www.mirol.com\/index.php\/software-tradicional-de-escritorio\/"]}]},{"@type":"BreadcrumbList","@id":"https:\/\/www.mirol.com\/index.php\/software-tradicional-de-escritorio\/#breadcrumb","itemListElement":[{"@type":"ListItem","position":1,"name":"Portada","item":"https:\/\/www.mirol.com\/"},{"@type":"ListItem","position":2,"name":"Suscripci\u00f3n de Instalaci\u00f3n Local"}]},{"@type":"WebSite","@id":"https:\/\/www.mirol.com\/#website","url":"https:\/\/www.mirol.com\/","name":"Mirol SyS","description":"Software de Gesti\u00f3n para Empresas","publisher":{"@id":"https:\/\/www.mirol.com\/#organization"},"potentialAction":[{"@type":"SearchAction","target":{"@type":"EntryPoint","urlTemplate":"https:\/\/www.mirol.com\/?s={search_term_string}"},"query-input":"required name=search_term_string"}],"inLanguage":"es"},{"@type":"Organization","@id":"https:\/\/www.mirol.com\/#organization","name":"Mirol SyS","url":"https:\/\/www.mirol.com\/","logo":{"@type":"ImageObject","inLanguage":"es","@id":"https:\/\/www.mirol.com\/#\/schema\/logo\/image\/","url":"https:\/\/www.mirol.com\/wp-content\/uploads\/2015\/05\/Logo-rectangular.jpg","contentUrl":"https:\/\/www.mirol.com\/wp-content\/uploads\/2015\/05\/Logo-rectangular.jpg","width":191,"height":74,"caption":"Mirol SyS"},"image":{"@id":"https:\/\/www.mirol.com\/#\/schema\/logo\/image\/"}}]}},"_links":{"self":[{"href":"https:\/\/www.mirol.com\/index.php\/wp-json\/wp\/v2\/pages\/145","targetHints":{"allow":["GET"]}}],"collection":[{"href":"https:\/\/www.mirol.com\/index.php\/wp-json\/wp\/v2\/pages"}],"about":[{"href":"https:\/\/www.mirol.com\/index.php\/wp-json\/wp\/v2\/types\/page"}],"author":[{"embeddable":true,"href":"https:\/\/www.mirol.com\/index.php\/wp-json\/wp\/v2\/users\/1"}],"replies":[{"embeddable":true,"href":"https:\/\/www.mirol.com\/index.php\/wp-json\/wp\/v2\/comments?post=145"}],"version-history":[{"count":9,"href":"https:\/\/www.mirol.com\/index.php\/wp-json\/wp\/v2\/pages\/145\/revisions"}],"predecessor-version":[{"id":1166,"href":"https:\/\/www.mirol.com\/index.php\/wp-json\/wp\/v2\/pages\/145\/revisions\/1166"}],"wp:attachment":[{"href":"https:\/\/www.mirol.com\/index.php\/wp-json\/wp\/v2\/media?parent=145"}],"curies":[{"name":"wp","href":"https:\/\/api.w.org\/{rel}","templated":true}]}}