{"id":150,"date":"2015-01-20T17:43:06","date_gmt":"2015-01-20T20:43:06","guid":{"rendered":"http:\/\/www.mirolnet.com\/?page_id=150"},"modified":"2023-11-12T16:27:49","modified_gmt":"2023-11-12T19:27:49","slug":"software-en-la-nube","status":"publish","type":"page","link":"https:\/\/www.mirol.com\/index.php\/software-en-la-nube\/","title":{"rendered":"Software en la Nube &#8211; Cloud Computing"},"content":{"rendered":"<h2><span style=\"color: #008000;\">\u00bfQu\u00e9 es el software en la nube o Cloud Computing?<\/span><\/h2>\n<h2><span style=\"color: #008000;\">Nube Privada vs Nube P\u00fablica<\/span><\/h2>\n<p>Cada vez m\u00e1s se escucha cloud computing, computaci\u00f3n en la nube, software en la nube, o trabajar en la nube. Esto\u00a0\u00faltimo les sonar\u00e1 a muchos.<\/p>\n<p>En palabras simples es la posibilidad de tener uno o mas Servidores con software y base de datos que puedan ser accedidos remotamente via Internet.<\/p>\n<p>En este caso lo vamos a analizar desde el punto de vista de una Implementaci\u00f3n de un Sistema Mirol.<\/p>\n<p>Se puede optar por contratar una Nube P\u00fablica o crear una Privada.<\/p>\n<p>&#8211; <strong>Nube Privada:\u00a0<\/strong>\u00a0Hay que configurar el Server de la oficina para que se pueda\u00a0acceder desde afuera. En este caso es necesario\u00a0contar con un especialista que configure adecuadamente el server y luego lo mantenga actualizado y protegido ya que estar\u00e1 accesible desde el exterior. Actualmente esto se puede hacer con toda seguridad. Una vez realizado este paso, se instala una o mas licencias de Mirol en el Server para que puedan ser utilizadas de manera remota. Tanto el software como la Base de Datos queda en la oficina.<\/p>\n<p>&#8211; <strong>Nube P\u00fablica: <\/strong>En este caso se deber\u00e1 contratar un Proveedor de Servidores Virtuales accesibles v\u00eda Internet. En este caso nos ahorra el problema de tener que mantenerlo pero debemos abonar un servicio mensual. De manera similar, una vez configurdo el\/los servidores, se instalan las licencias de Mirol y ya es posible operar el Sistema desde cualquier lugar.\u00a0Tanto el software como la Base de Datos quedan en la Nube, o sea en las instalaciones del Proveedor del servicio de Servidores Virtuales.<\/p>\n<p>Cada caso tiene sus ventajas y desventajas que dependen de las necesidades de cada negocio. Por lo tanto durante la Implementaci\u00f3n se analiza cada caso y se aconseja la mejor opci\u00f3n.<\/p>\n<p>Esta modalidad tiene la enorme ventaja de poder acceder a la informaci\u00f3n de la Empresa desde cualquier lugar, en cualquier momento, con solo disponer de una PC, notebook, netbook, tablet, smartphone, etc.; que tenga acceso a Internet.<\/p>\n<p>Esto se puede hacer con los Sistemas Mirol?&#8230;\u00a0Se puede hacer y funciona muy bien<\/p>\n<p>Software Mirol en la nube&#8230; negocios en cualquier lugar en todo momento.<\/p>\n","protected":false},"excerpt":{"rendered":"<p>\u00bfQu\u00e9 es el software en la nube o Cloud Computing? Nube Privada vs Nube P\u00fablica Cada vez m\u00e1s se escucha cloud computing, computaci\u00f3n en la nube, software en la nube, o trabajar en la nube. Esto\u00a0\u00faltimo les sonar\u00e1 a muchos&#8230;.<\/p>\n","protected":false},"author":1,"featured_media":0,"parent":0,"menu_order":0,"comment_status":"open","ping_status":"open","template":"templates\/fullwidth.php","meta":{"footnotes":""},"class_list":["post-150","page","type-page","status-publish","hentry"],"yoast_head":"<!-- This site is optimized with the Yoast SEO plugin v23.0 - https:\/\/yoast.com\/wordpress\/plugins\/seo\/ -->\r\n<title>Software en la Nube - Cloud Computing - Mirol SyS<\/title>\r\n<meta name=\"description\" content=\"\u00bfQu\u00e9 es el software en la nube o Cloud Computing?\" \/>\r\n<meta name=\"robots\" content=\"index, follow, max-snippet:-1, max-image-preview:large, max-video-preview:-1\" \/>\r\n<link rel=\"canonical\" href=\"https:\/\/www.mirol.com\/index.php\/software-en-la-nube\/\" \/>\r\n<meta property=\"og:locale\" content=\"es_ES\" \/>\r\n<meta property=\"og:type\" content=\"article\" \/>\r\n<meta property=\"og:title\" content=\"Software en la Nube - Cloud Computing - Mirol SyS\" \/>\r\n<meta property=\"og:description\" content=\"\u00bfQu\u00e9 es el software en la nube o Cloud Computing?\" \/>\r\n<meta property=\"og:url\" content=\"https:\/\/www.mirol.com\/index.php\/software-en-la-nube\/\" \/>\r\n<meta property=\"og:site_name\" content=\"Mirol SyS\" \/>\r\n<meta property=\"article:modified_time\" content=\"2023-11-12T19:27:49+00:00\" \/>\r\n<meta name=\"twitter:label1\" content=\"Tiempo de lectura\" \/>\n\t<meta name=\"twitter:data1\" content=\"2 minutos\" \/>\r\n<script type=\"application\/ld+json\" class=\"yoast-schema-graph\">{\"@context\":\"https:\/\/schema.org\",\"@graph\":[{\"@type\":\"WebPage\",\"@id\":\"https:\/\/www.mirol.com\/index.php\/software-en-la-nube\/\",\"url\":\"https:\/\/www.mirol.com\/index.php\/software-en-la-nube\/\",\"name\":\"Software en la Nube - Cloud Computing - Mirol SyS\",\"isPartOf\":{\"@id\":\"https:\/\/www.mirol.com\/#website\"},\"datePublished\":\"2015-01-20T20:43:06+00:00\",\"dateModified\":\"2023-11-12T19:27:49+00:00\",\"description\":\"\u00bfQu\u00e9 es el software en la nube o Cloud Computing?\",\"breadcrumb\":{\"@id\":\"https:\/\/www.mirol.com\/index.php\/software-en-la-nube\/#breadcrumb\"},\"inLanguage\":\"es\",\"potentialAction\":[{\"@type\":\"ReadAction\",\"target\":[\"https:\/\/www.mirol.com\/index.php\/software-en-la-nube\/\"]}]},{\"@type\":\"BreadcrumbList\",\"@id\":\"https:\/\/www.mirol.com\/index.php\/software-en-la-nube\/#breadcrumb\",\"itemListElement\":[{\"@type\":\"ListItem\",\"position\":1,\"name\":\"Portada\",\"item\":\"https:\/\/www.mirol.com\/\"},{\"@type\":\"ListItem\",\"position\":2,\"name\":\"Software en la Nube &#8211; Cloud Computing\"}]},{\"@type\":\"WebSite\",\"@id\":\"https:\/\/www.mirol.com\/#website\",\"url\":\"https:\/\/www.mirol.com\/\",\"name\":\"Mirol SyS\",\"description\":\"Software de Gesti\u00f3n para Empresas\",\"publisher\":{\"@id\":\"https:\/\/www.mirol.com\/#organization\"},\"potentialAction\":[{\"@type\":\"SearchAction\",\"target\":{\"@type\":\"EntryPoint\",\"urlTemplate\":\"https:\/\/www.mirol.com\/?s={search_term_string}\"},\"query-input\":\"required name=search_term_string\"}],\"inLanguage\":\"es\"},{\"@type\":\"Organization\",\"@id\":\"https:\/\/www.mirol.com\/#organization\",\"name\":\"Mirol SyS\",\"url\":\"https:\/\/www.mirol.com\/\",\"logo\":{\"@type\":\"ImageObject\",\"inLanguage\":\"es\",\"@id\":\"https:\/\/www.mirol.com\/#\/schema\/logo\/image\/\",\"url\":\"https:\/\/www.mirol.com\/wp-content\/uploads\/2015\/05\/Logo-rectangular.jpg\",\"contentUrl\":\"https:\/\/www.mirol.com\/wp-content\/uploads\/2015\/05\/Logo-rectangular.jpg\",\"width\":191,\"height\":74,\"caption\":\"Mirol SyS\"},\"image\":{\"@id\":\"https:\/\/www.mirol.com\/#\/schema\/logo\/image\/\"}}]}<\/script>\r\n<!-- \/ Yoast SEO plugin. -->","yoast_head_json":{"title":"Software en la Nube - Cloud Computing - Mirol SyS","description":"\u00bfQu\u00e9 es el software en la nube o Cloud Computing?","robots":{"index":"index","follow":"follow","max-snippet":"max-snippet:-1","max-image-preview":"max-image-preview:large","max-video-preview":"max-video-preview:-1"},"canonical":"https:\/\/www.mirol.com\/index.php\/software-en-la-nube\/","og_locale":"es_ES","og_type":"article","og_title":"Software en la Nube - Cloud Computing - Mirol SyS","og_description":"\u00bfQu\u00e9 es el software en la nube o Cloud Computing?","og_url":"https:\/\/www.mirol.com\/index.php\/software-en-la-nube\/","og_site_name":"Mirol SyS","article_modified_time":"2023-11-12T19:27:49+00:00","twitter_misc":{"Tiempo de lectura":"2 minutos"},"schema":{"@context":"https:\/\/schema.org","@graph":[{"@type":"WebPage","@id":"https:\/\/www.mirol.com\/index.php\/software-en-la-nube\/","url":"https:\/\/www.mirol.com\/index.php\/software-en-la-nube\/","name":"Software en la Nube - Cloud Computing - Mirol SyS","isPartOf":{"@id":"https:\/\/www.mirol.com\/#website"},"datePublished":"2015-01-20T20:43:06+00:00","dateModified":"2023-11-12T19:27:49+00:00","description":"\u00bfQu\u00e9 es el software en la nube o Cloud Computing?","breadcrumb":{"@id":"https:\/\/www.mirol.com\/index.php\/software-en-la-nube\/#breadcrumb"},"inLanguage":"es","potentialAction":[{"@type":"ReadAction","target":["https:\/\/www.mirol.com\/index.php\/software-en-la-nube\/"]}]},{"@type":"BreadcrumbList","@id":"https:\/\/www.mirol.com\/index.php\/software-en-la-nube\/#breadcrumb","itemListElement":[{"@type":"ListItem","position":1,"name":"Portada","item":"https:\/\/www.mirol.com\/"},{"@type":"ListItem","position":2,"name":"Software en la Nube &#8211; Cloud Computing"}]},{"@type":"WebSite","@id":"https:\/\/www.mirol.com\/#website","url":"https:\/\/www.mirol.com\/","name":"Mirol SyS","description":"Software de Gesti\u00f3n para Empresas","publisher":{"@id":"https:\/\/www.mirol.com\/#organization"},"potentialAction":[{"@type":"SearchAction","target":{"@type":"EntryPoint","urlTemplate":"https:\/\/www.mirol.com\/?s={search_term_string}"},"query-input":"required name=search_term_string"}],"inLanguage":"es"},{"@type":"Organization","@id":"https:\/\/www.mirol.com\/#organization","name":"Mirol SyS","url":"https:\/\/www.mirol.com\/","logo":{"@type":"ImageObject","inLanguage":"es","@id":"https:\/\/www.mirol.com\/#\/schema\/logo\/image\/","url":"https:\/\/www.mirol.com\/wp-content\/uploads\/2015\/05\/Logo-rectangular.jpg","contentUrl":"https:\/\/www.mirol.com\/wp-content\/uploads\/2015\/05\/Logo-rectangular.jpg","width":191,"height":74,"caption":"Mirol SyS"},"image":{"@id":"https:\/\/www.mirol.com\/#\/schema\/logo\/image\/"}}]}},"_links":{"self":[{"href":"https:\/\/www.mirol.com\/index.php\/wp-json\/wp\/v2\/pages\/150","targetHints":{"allow":["GET"]}}],"collection":[{"href":"https:\/\/www.mirol.com\/index.php\/wp-json\/wp\/v2\/pages"}],"about":[{"href":"https:\/\/www.mirol.com\/index.php\/wp-json\/wp\/v2\/types\/page"}],"author":[{"embeddable":true,"href":"https:\/\/www.mirol.com\/index.php\/wp-json\/wp\/v2\/users\/1"}],"replies":[{"embeddable":true,"href":"https:\/\/www.mirol.com\/index.php\/wp-json\/wp\/v2\/comments?post=150"}],"version-history":[{"count":5,"href":"https:\/\/www.mirol.com\/index.php\/wp-json\/wp\/v2\/pages\/150\/revisions"}],"predecessor-version":[{"id":729,"href":"https:\/\/www.mirol.com\/index.php\/wp-json\/wp\/v2\/pages\/150\/revisions\/729"}],"wp:attachment":[{"href":"https:\/\/www.mirol.com\/index.php\/wp-json\/wp\/v2\/media?parent=150"}],"curies":[{"name":"wp","href":"https:\/\/api.w.org\/{rel}","templated":true}]}}