{"id":2,"date":"2014-11-25T22:55:36","date_gmt":"2014-11-25T22:55:36","guid":{"rendered":"http:\/\/www.mirolnet.com\/?page_id=2"},"modified":"2023-11-16T12:55:43","modified_gmt":"2023-11-16T15:55:43","slug":"pagina-ejemplo","status":"publish","type":"page","link":"https:\/\/www.mirol.com\/","title":{"rendered":"Home"},"content":{"rendered":"<div>\u00a0<\/div>\n<h2><span style=\"color: #808080;\">Somos\u00a0una empresa dedicada exclusivamente a la <span style=\"color: #333333;\">consultor\u00eda<\/span>,\u00a0investigaci\u00f3n y desarrollo de <span style=\"color: #333333;\">Software de Gesti\u00f3n<\/span>\u00a0orientado a la <span style=\"color: #333333;\">PyMe<\/span>. Nos destacamos por especializarnos en <span style=\"color: #333333;\">Constructoras<\/span> e <span style=\"color: #333333;\">Inmobiliarias<\/span>.\u00a0<\/span><\/h2>\n<p>Hace mas de <strong>40 a\u00f1os<\/strong> que acompa\u00f1amos el crecimiento de mas de 300 Clientes activos. Esto significa, aproximadamente, mas de 1.500 usuarios operando a diario nuestros sistemas de manera local y Nube.<\/p>\n<p>Esta es la garant\u00eda de la trayectoria y el buen servicio de\u00a0la empresa.<\/p>\n<p>Nuestra metodolog\u00eda nos permite dise\u00f1ar soluciones enfocadas en la facilidad de uso y la parametrizaci\u00f3n simple y potente. Esto permite mantener oculta la complejidad de los procesos, logrando una excelente integraci\u00f3n entre los m\u00f3dulos del Software de Gesti\u00f3n.<\/p>\n<p>Con esta tecnolog\u00eda de avanzada logramos desarrollar productos m\u00e1s seguros, econ\u00f3micos y simples de utilizar.<\/p>\n<p><span style=\"color: #ff6600;\"><strong>Esto nos permite cumplir con \u00e9xito proyectos en tiempos de puesta en marcha muy cortos y a costos muy competitivos<\/strong><\/span>.<\/p>\n<h3><strong>Solicite una demo virtual personalizada en el chatbot o dejando un mensaje <a href=\"https:\/\/www.mirol.com\/index.php\/contacto\/\">aqui<\/a>.\u00a0<\/strong><\/h3>\n<h2><strong><span style=\"color: #008000;\">Productos + Servicios = Soluciones<\/span><\/strong><\/h2>\n<p>Cuando se invierte en un Software de Gesti\u00f3n empresarial, es\u00a0importante saber que la empresa que lo respalda estar\u00e1 a su\u00a0lado para ayudarlo cuando m\u00e1s lo necesite y a largo plazo.<\/p>\n<p>Nuestra especializaci\u00f3n en empresas PyMEs en general y en\u00a0especial <strong>Constructoras<\/strong> e <strong>Inmobiliarias<\/strong>, es una garant\u00eda de\u00a0que sabremos entender su problema.<\/p>\n<p>Nuestro objetivo es proporcionar tanto los productos superiores que su empresa necesita, como as\u00ed tambi\u00e9n el excelente nivel de servicio que usted se merece.<\/p>\n<h2><span style=\"color: #008000;\"><strong>Software de Gesti\u00f3n: Licencias de Escritorio o Nube<\/strong><\/span><\/h2>\n<p><strong>Nuestro software se comercializa e instala de manera flexible.\u00a0 Se puede contratar una suscripci\u00f3n <\/strong><strong>para instalar en PC de escritorio o acceder al Sistema disponible en la Nube desde cualquier lugar. Ambas,\u00a0 pagando una cuota anual o mensual.<\/strong><\/p>\n<ul>\n<li><strong>Gesti\u00f3n Pymes: <\/strong>Ventas, Compras, Stock, Tesorer\u00eda, Contabilidad General, Cash Flow, CRM, Estructura de Producto y Planificaci\u00f3n de Producci\u00f3n, <strong><a href=\"https:\/\/www.mirol.com\/index.php\/factura-electronica\/\">Factura Electr\u00f3nica<\/a>.<\/strong><\/li>\n<li><strong>Constructoras y Desarrollistas: <span style=\"color: #ff6600;\">Gesti\u00f3n de Proyectos<\/span><\/strong>, Ventas, Compras, Stock, Tesorer\u00eda, Contabilidad General, Cash Flow, Contratos (Planes de Pago de Clientes o Fiduciante Adherente) y <strong><a href=\"https:\/\/www.mirol.com\/index.php\/factura-electronica\/\">Factura Electr\u00f3nica<\/a><\/strong>.<\/li>\n<li><strong>Inmobiliarias: <\/strong>Administraci\u00f3n de Propiedades en Alquiler, Consorcios, Gesti\u00f3n de Tareas, Cat\u00e1logo Propiedades, Tesorer\u00eda, Compras, <strong><span style=\"color: #ff6600;\">Portal Web de Autogesti\u00f3n de Inquilinos y Propietarios<\/span><\/strong> y <strong><a href=\"https:\/\/www.mirol.com\/index.php\/factura-electronica\/\">Factura Electr\u00f3nica<\/a><\/strong><\/li>\n<\/ul>\n<h2><strong><span style=\"color: #008000;\">Servicios de Soporte (Mesa de Ayuda)<\/span><\/strong><\/h2>\n<ul>\n<li>Formaci\u00f3n del Personal que debe trabajar con nuestro software.<\/li>\n<li>Apoyo y asesoramiento personalizado para la puesta en marcha. Le Brindamos asistencia para resolver sus problemas y a obtener el m\u00e1ximo provecho de las posibilidades de nuestras soluciones. Se trabaja en la identificaci\u00f3n de sus necesidades para realizar la adaptaci\u00f3n de nuestro software para que cumpla con sus requerimientos.<\/li>\n<li>Plan de implantaci\u00f3n con tareas delimitadas y con fecha de finalizaci\u00f3n establecida, esto posibilitar\u00e1 cumplir en tiempo y forma con los plazos comprometidos.<\/li>\n<li>Conversi\u00f3n y traspaso de bases de datos existentes.<\/li>\n<li>Respuesta inmediata, confiable y eficiente para resolver los problemas\u00a0operativos que puedan surgir.<\/li>\n<li>Un equipo de profesionales trabajando continuamente para mejorar el\u00a0producto, suministrando nuevas versiones en funci\u00f3n de las\u00a0sugerencias recogidas por las m\u00faltiples empresas que lo\u00a0utilizan.<\/li>\n<\/ul>\n<h2><strong><span style=\"color: #008000;\">Caracter\u00edsticas generales del Software de Gesti\u00f3n<\/span><\/strong><\/h2>\n<ul>\n<li><strong><span style=\"color: #ff6600;\">Apto para ser usado de forma remota en la \u201cNube\u201d<\/span><\/strong><\/li>\n<li>Factura\u00a0Electr\u00f3nica.<\/li>\n<li>Env\u00edos de email v\u00eda SMTP o mensajes de WhatsApp.<\/li>\n<li>Simple e intuitivo de usar.<\/li>\n<li>Altamente configurable por el Usuario<\/li>\n<li>F\u00e1cil adaptaci\u00f3n a las necesidades de cada\u00a0Empresa.<\/li>\n<li>Pantallas simples, despejadas y auto documentadas.<\/li>\n<li>R\u00e1pido, Robusto y Flexible.<\/li>\n<li>Seguridad de acceso y uso.<\/li>\n<li>Integraci\u00f3n entre los m\u00f3dulos fuerte y segura.<\/li>\n<li>Multiusuario, Multiempresa, Bimonetaria y Multidep\u00f3sito.<\/li>\n<li>Orientado a procesos (los comprobantes se cargan una sola vez)<a href=\"http:\/\/www.mirolnet.com\/wp-content\/uploads\/2014\/11\/cluster.png\"><br \/><\/a><\/li>\n<li>Total compatibilidad con Microsoft Office.<\/li>\n<\/ul>\n<div>\n<h2><strong><span style=\"color: #008000;\">Servicio de Consultor\u00eda Inform\u00e1tica Independiente<\/span><\/strong><\/h2>\n<\/div>\n<p>Este es un servicio que brindamos a las Empresas que se encuentran en el proceso de selecci\u00f3n de un Software de Gesti\u00f3n. Puede ser el primero que van a contratar o ya tienen uno y se est\u00e1 buscando su reemplazo. Esta tarea suele ser larga y compleja debido a las m\u00faltiples variables que hay que considerar.<\/p>\n<p>Podemos ayudar en este proceso, <strong>estando nuestro software o no en la selecci\u00f3n, <\/strong>aportando mas de 40 a\u00f1os de experiencia en la puesta en marcha de sistemas de gesti\u00f3n. Lo importante es que, luego de considerar todas las opciones, se tome la decisi\u00f3n que <strong>maximice los objetivos<\/strong> y <strong>minimice los riesgos<\/strong> con el mejor costo\/beneficio.<\/p>\n<p>Ofrecemos este servicio con una metodolog\u00eda desarrollada por nosotros que se compone de una serie de documentos y reuniones virtuales que conformar\u00e1n la Hoja de Ruta Personalizada, que ser\u00e1 la gu\u00eda para la selecci\u00f3n, puesta en marcha y seguimiento del proyecto.\u00a0<\/p>\n<h3><strong>Solicite una reuni\u00f3n virtual en el chatbot o dejando un mensaje <a href=\"https:\/\/www.mirol.com\/index.php\/contacto\/\">aqui<\/a>.\u00a0<\/strong><\/h3>\n<div>\n<p><a href=\"https:\/\/cordobatechnology.space\/search\"><img loading=\"lazy\" decoding=\"async\" class=\"wp-image-1153 \" src=\"https:\/\/www.mirol.com\/wp-content\/uploads\/2023\/11\/CC-MEMBER-300x144.png\" alt=\"C\u00f3rdoba Cluster Member\" width=\"225\" height=\"108\" srcset=\"https:\/\/www.mirol.com\/wp-content\/uploads\/2023\/11\/CC-MEMBER-300x144.png 300w, https:\/\/www.mirol.com\/wp-content\/uploads\/2023\/11\/CC-MEMBER-1024x493.png 1024w, https:\/\/www.mirol.com\/wp-content\/uploads\/2023\/11\/CC-MEMBER-768x370.png 768w, https:\/\/www.mirol.com\/wp-content\/uploads\/2023\/11\/CC-MEMBER-1536x739.png 1536w, https:\/\/www.mirol.com\/wp-content\/uploads\/2023\/11\/CC-MEMBER-2048x986.png 2048w\" sizes=\"auto, (max-width: 225px) 100vw, 225px\" \/><\/a><\/p>\n<\/div>\n\n\n<p><\/p>\n","protected":false},"excerpt":{"rendered":"<p>\u00a0 Somos\u00a0una empresa dedicada exclusivamente a la consultor\u00eda,\u00a0investigaci\u00f3n y desarrollo de Software de Gesti\u00f3n\u00a0orientado a la PyMe. Nos destacamos por especializarnos en Constructoras e Inmobiliarias.\u00a0 Hace mas de 40 a\u00f1os que acompa\u00f1amos el crecimiento de mas de 300 Clientes activos&#8230;.<\/p>\n","protected":false},"author":1,"featured_media":0,"parent":0,"menu_order":0,"comment_status":"open","ping_status":"open","template":"templates\/homepage.php","meta":{"footnotes":""},"class_list":["post-2","page","type-page","status-publish","hentry"],"yoast_head":"<!-- This site is optimized with the Yoast SEO plugin v23.0 - https:\/\/yoast.com\/wordpress\/plugins\/seo\/ -->\r\n<title>Software de Gesti\u00f3n PyMes Constructoras e Inmobiliarias<\/title>\r\n<meta name=\"description\" content=\"Empresa de Software de Gesti\u00f3n, con 35 a\u00f1os de trayectoria. Especialidad en Pymes, Constructoras e Inmobiliarias. Nos Destacamos por el servicio postventa .\" \/>\r\n<meta name=\"robots\" content=\"index, follow, max-snippet:-1, max-image-preview:large, max-video-preview:-1\" \/>\r\n<link rel=\"canonical\" href=\"https:\/\/www.mirol.com\/\" \/>\r\n<meta property=\"og:locale\" content=\"es_ES\" \/>\r\n<meta property=\"og:type\" content=\"article\" \/>\r\n<meta property=\"og:title\" content=\"Software de Gesti\u00f3n PyMes Constructoras e Inmobiliarias\" \/>\r\n<meta property=\"og:description\" content=\"Empresa de Software de Gesti\u00f3n, con 35 a\u00f1os de trayectoria. Especialidad en Pymes, Constructoras e Inmobiliarias. Nos Destacamos por el servicio postventa .\" \/>\r\n<meta property=\"og:url\" content=\"https:\/\/www.mirol.com\/\" \/>\r\n<meta property=\"og:site_name\" content=\"Mirol SyS\" \/>\r\n<meta property=\"article:modified_time\" content=\"2023-11-16T15:55:43+00:00\" \/>\r\n<meta property=\"og:image\" content=\"https:\/\/www.mirol.com\/wp-content\/uploads\/2023\/11\/CC-MEMBER-300x144.png\" \/>\r\n<meta name=\"twitter:label1\" content=\"Tiempo de lectura\" \/>\n\t<meta name=\"twitter:data1\" content=\"4 minutos\" \/>\r\n<script type=\"application\/ld+json\" class=\"yoast-schema-graph\">{\"@context\":\"https:\/\/schema.org\",\"@graph\":[{\"@type\":\"WebPage\",\"@id\":\"https:\/\/www.mirol.com\/\",\"url\":\"https:\/\/www.mirol.com\/\",\"name\":\"Software de Gesti\u00f3n PyMes Constructoras e Inmobiliarias\",\"isPartOf\":{\"@id\":\"https:\/\/www.mirol.com\/#website\"},\"primaryImageOfPage\":{\"@id\":\"https:\/\/www.mirol.com\/#primaryimage\"},\"image\":{\"@id\":\"https:\/\/www.mirol.com\/#primaryimage\"},\"thumbnailUrl\":\"https:\/\/www.mirol.com\/wp-content\/uploads\/2023\/11\/CC-MEMBER-300x144.png\",\"datePublished\":\"2014-11-25T22:55:36+00:00\",\"dateModified\":\"2023-11-16T15:55:43+00:00\",\"description\":\"Empresa de Software de Gesti\u00f3n, con 35 a\u00f1os de trayectoria. Especialidad en Pymes, Constructoras e Inmobiliarias. Nos Destacamos por el servicio postventa .\",\"breadcrumb\":{\"@id\":\"https:\/\/www.mirol.com\/#breadcrumb\"},\"inLanguage\":\"es\",\"potentialAction\":[{\"@type\":\"ReadAction\",\"target\":[\"https:\/\/www.mirol.com\/\"]}]},{\"@type\":\"ImageObject\",\"inLanguage\":\"es\",\"@id\":\"https:\/\/www.mirol.com\/#primaryimage\",\"url\":\"https:\/\/www.mirol.com\/wp-content\/uploads\/2023\/11\/CC-MEMBER.png\",\"contentUrl\":\"https:\/\/www.mirol.com\/wp-content\/uploads\/2023\/11\/CC-MEMBER.png\",\"width\":2358,\"height\":1135,\"caption\":\"C\u00f3rdoba Cluster Member\"},{\"@type\":\"BreadcrumbList\",\"@id\":\"https:\/\/www.mirol.com\/#breadcrumb\",\"itemListElement\":[{\"@type\":\"ListItem\",\"position\":1,\"name\":\"Portada\",\"item\":\"https:\/\/www.mirol.com\/\"},{\"@type\":\"ListItem\",\"position\":2,\"name\":\"Home\"}]},{\"@type\":\"WebSite\",\"@id\":\"https:\/\/www.mirol.com\/#website\",\"url\":\"https:\/\/www.mirol.com\/\",\"name\":\"Mirol SyS\",\"description\":\"Software de Gesti\u00f3n para Empresas\",\"publisher\":{\"@id\":\"https:\/\/www.mirol.com\/#organization\"},\"potentialAction\":[{\"@type\":\"SearchAction\",\"target\":{\"@type\":\"EntryPoint\",\"urlTemplate\":\"https:\/\/www.mirol.com\/?s={search_term_string}\"},\"query-input\":\"required name=search_term_string\"}],\"inLanguage\":\"es\"},{\"@type\":\"Organization\",\"@id\":\"https:\/\/www.mirol.com\/#organization\",\"name\":\"Mirol SyS\",\"url\":\"https:\/\/www.mirol.com\/\",\"logo\":{\"@type\":\"ImageObject\",\"inLanguage\":\"es\",\"@id\":\"https:\/\/www.mirol.com\/#\/schema\/logo\/image\/\",\"url\":\"https:\/\/www.mirol.com\/wp-content\/uploads\/2015\/05\/Logo-rectangular.jpg\",\"contentUrl\":\"https:\/\/www.mirol.com\/wp-content\/uploads\/2015\/05\/Logo-rectangular.jpg\",\"width\":191,\"height\":74,\"caption\":\"Mirol SyS\"},\"image\":{\"@id\":\"https:\/\/www.mirol.com\/#\/schema\/logo\/image\/\"}}]}<\/script>\r\n<!-- \/ Yoast SEO plugin. -->","yoast_head_json":{"title":"Software de Gesti\u00f3n PyMes Constructoras e Inmobiliarias","description":"Empresa de Software de Gesti\u00f3n, con 35 a\u00f1os de trayectoria. Especialidad en Pymes, Constructoras e Inmobiliarias. Nos Destacamos por el servicio postventa .","robots":{"index":"index","follow":"follow","max-snippet":"max-snippet:-1","max-image-preview":"max-image-preview:large","max-video-preview":"max-video-preview:-1"},"canonical":"https:\/\/www.mirol.com\/","og_locale":"es_ES","og_type":"article","og_title":"Software de Gesti\u00f3n PyMes Constructoras e Inmobiliarias","og_description":"Empresa de Software de Gesti\u00f3n, con 35 a\u00f1os de trayectoria. Especialidad en Pymes, Constructoras e Inmobiliarias. Nos Destacamos por el servicio postventa .","og_url":"https:\/\/www.mirol.com\/","og_site_name":"Mirol SyS","article_modified_time":"2023-11-16T15:55:43+00:00","og_image":[{"url":"https:\/\/www.mirol.com\/wp-content\/uploads\/2023\/11\/CC-MEMBER-300x144.png"}],"twitter_misc":{"Tiempo de lectura":"4 minutos"},"schema":{"@context":"https:\/\/schema.org","@graph":[{"@type":"WebPage","@id":"https:\/\/www.mirol.com\/","url":"https:\/\/www.mirol.com\/","name":"Software de Gesti\u00f3n PyMes Constructoras e Inmobiliarias","isPartOf":{"@id":"https:\/\/www.mirol.com\/#website"},"primaryImageOfPage":{"@id":"https:\/\/www.mirol.com\/#primaryimage"},"image":{"@id":"https:\/\/www.mirol.com\/#primaryimage"},"thumbnailUrl":"https:\/\/www.mirol.com\/wp-content\/uploads\/2023\/11\/CC-MEMBER-300x144.png","datePublished":"2014-11-25T22:55:36+00:00","dateModified":"2023-11-16T15:55:43+00:00","description":"Empresa de Software de Gesti\u00f3n, con 35 a\u00f1os de trayectoria. Especialidad en Pymes, Constructoras e Inmobiliarias. Nos Destacamos por el servicio postventa .","breadcrumb":{"@id":"https:\/\/www.mirol.com\/#breadcrumb"},"inLanguage":"es","potentialAction":[{"@type":"ReadAction","target":["https:\/\/www.mirol.com\/"]}]},{"@type":"ImageObject","inLanguage":"es","@id":"https:\/\/www.mirol.com\/#primaryimage","url":"https:\/\/www.mirol.com\/wp-content\/uploads\/2023\/11\/CC-MEMBER.png","contentUrl":"https:\/\/www.mirol.com\/wp-content\/uploads\/2023\/11\/CC-MEMBER.png","width":2358,"height":1135,"caption":"C\u00f3rdoba Cluster Member"},{"@type":"BreadcrumbList","@id":"https:\/\/www.mirol.com\/#breadcrumb","itemListElement":[{"@type":"ListItem","position":1,"name":"Portada","item":"https:\/\/www.mirol.com\/"},{"@type":"ListItem","position":2,"name":"Home"}]},{"@type":"WebSite","@id":"https:\/\/www.mirol.com\/#website","url":"https:\/\/www.mirol.com\/","name":"Mirol SyS","description":"Software de Gesti\u00f3n para Empresas","publisher":{"@id":"https:\/\/www.mirol.com\/#organization"},"potentialAction":[{"@type":"SearchAction","target":{"@type":"EntryPoint","urlTemplate":"https:\/\/www.mirol.com\/?s={search_term_string}"},"query-input":"required name=search_term_string"}],"inLanguage":"es"},{"@type":"Organization","@id":"https:\/\/www.mirol.com\/#organization","name":"Mirol SyS","url":"https:\/\/www.mirol.com\/","logo":{"@type":"ImageObject","inLanguage":"es","@id":"https:\/\/www.mirol.com\/#\/schema\/logo\/image\/","url":"https:\/\/www.mirol.com\/wp-content\/uploads\/2015\/05\/Logo-rectangular.jpg","contentUrl":"https:\/\/www.mirol.com\/wp-content\/uploads\/2015\/05\/Logo-rectangular.jpg","width":191,"height":74,"caption":"Mirol SyS"},"image":{"@id":"https:\/\/www.mirol.com\/#\/schema\/logo\/image\/"}}]}},"_links":{"self":[{"href":"https:\/\/www.mirol.com\/index.php\/wp-json\/wp\/v2\/pages\/2","targetHints":{"allow":["GET"]}}],"collection":[{"href":"https:\/\/www.mirol.com\/index.php\/wp-json\/wp\/v2\/pages"}],"about":[{"href":"https:\/\/www.mirol.com\/index.php\/wp-json\/wp\/v2\/types\/page"}],"author":[{"embeddable":true,"href":"https:\/\/www.mirol.com\/index.php\/wp-json\/wp\/v2\/users\/1"}],"replies":[{"embeddable":true,"href":"https:\/\/www.mirol.com\/index.php\/wp-json\/wp\/v2\/comments?post=2"}],"version-history":[{"count":114,"href":"https:\/\/www.mirol.com\/index.php\/wp-json\/wp\/v2\/pages\/2\/revisions"}],"predecessor-version":[{"id":1207,"href":"https:\/\/www.mirol.com\/index.php\/wp-json\/wp\/v2\/pages\/2\/revisions\/1207"}],"wp:attachment":[{"href":"https:\/\/www.mirol.com\/index.php\/wp-json\/wp\/v2\/media?parent=2"}],"curies":[{"name":"wp","href":"https:\/\/api.w.org\/{rel}","templated":true}]}}