{"id":79,"date":"2015-01-15T14:56:39","date_gmt":"2015-01-15T17:56:39","guid":{"rendered":"http:\/\/www.mirolnet.com\/?page_id=79"},"modified":"2015-03-18T16:07:38","modified_gmt":"2015-03-18T19:07:38","slug":"mirol-software-erp-pymes","status":"publish","type":"page","link":"https:\/\/www.mirol.com\/index.php\/mirol-software-erp-pymes\/","title":{"rendered":"Mirol Software ERP PyMes"},"content":{"rendered":"<p style=\"text-align: center;\"><a href=\"http:\/\/www.slideshare.net\/MirolSyS\/mirol-erp-pyme-folleto\" target=\"_blank\">Descarge el Folleto<\/a><\/p>\n<p>Gracias a su gran versatilidad, <strong>Mirol Software ERP PyMEs<\/strong> se adapta totalmente a la organizaci\u00f3n de la empresa asegurando toda su administraci\u00f3n comercial, incluso en aquellas empresas con procesos de venta complejos y gesti\u00f3n de reaprovisionamiento multi-deposito. Los procesos de gesti\u00f3n aceleran el tratamiento de los pedidos y facturaci\u00f3n de compras y ventas, controlando la correcta aplicaci\u00f3n de la pol\u00edtica comercial y el riesgo de clientes.<br \/>\nSu enlace con Contabilidad optimiza el circuito administrativo, facilitando el puente contable de ventas, compras, cobros, pagos y par\u00e1metros contables.<\/p>\n<p>Soporte de <strong>Factura Electr\u00f3nica<\/strong>.<\/p>\n<h3><span style=\"color: #008000; font-size: 1.5em;\">M\u00f3dulos del\u00a0<strong>Mirol Software ERP PyMEs<\/strong><\/span><\/h3>\n<h3>Ventas<\/h3>\n<p>&#8211; Emisi\u00f3n de Facturas, Notas de Cr\u00e9dito y D\u00e9bito<br \/>\n&#8211; Notas de Pedido, Remitos y Presupuestos<br \/>\n&#8211; Cobranzas en m\u00faltiples medios de pago con emisi\u00f3n del Recibo<br \/>\n&#8211; Manejo de Cuentas Corrientes<br \/>\n&#8211; Integraci\u00f3n autom\u00e1tica con Stock y Tesorer\u00eda<br \/>\n&#8211; Reportes necesarios para los tr\u00e1mites impositivos<br \/>\n&#8211; Generaci\u00f3n autom\u00e1tica de asientos contables.<\/p>\n<h3>Compras<\/h3>\n<p>&#8211; Carga de Facturas, Notas de D\u00e9bito y Cr\u00e9dito de compras<br \/>\n&#8211; Ordenes de Compra y Recepci\u00f3n de mercader\u00eda<br \/>\n&#8211; Pagos con m\u00faltiples medios de pago con emisi\u00f3n de la Orden de Pago<br \/>\n&#8211; Manejo de Cuentas Corrientes<br \/>\n&#8211; Integraci\u00f3n autom\u00e1tica con Stock y Tesorer\u00eda.<br \/>\n&#8211; Reportes necesarios para los tr\u00e1mites impositivos<br \/>\n&#8211; Generaci\u00f3n autom\u00e1tica de asientos contables.<\/p>\n<h3>Stock<\/h3>\n<p>&#8211; Codificaci\u00f3n flexible de Art\u00edculos<br \/>\n&#8211; Carga de Remitos de Compra<br \/>\n&#8211; Manejo de Entradas y Salidas manuales de mercader\u00eda<br \/>\n&#8211; C\u00e1lculo autom\u00e1tico de costos y precios de venta<\/p>\n<h3>Tesorer\u00eda<\/h3>\n<p>&#8211; Codificaci\u00f3n flexible de Cuentas Financieras (Cajas, Bancos, etc.)<br \/>\n&#8211; Manejo de Valores de terceros<br \/>\n&#8211; Manejo de movimientos financieros (cheques, dep\u00f3sitos, etc.)<br \/>\n&#8211; Simple mecanismo de conciliaci\u00f3n de cuentas corrientes.<br \/>\n&#8211; Generaci\u00f3n autom\u00e1tica de asientos contables.<\/p>\n<h3>Contabilidad General<\/h3>\n<p>&#8211; Codificaci\u00f3n flexible del Plan de Cuentas<br \/>\n&#8211; Carga y administraci\u00f3n manual de Asientos<br \/>\n&#8211; Emisi\u00f3n de todos los libros obligatorios.<\/p>\n<h2><span style=\"color: #008000;\">Otros M\u00f3dulos<\/span><\/h2>\n<p>&#8211; Flujo de fondos<br \/>\n&#8211; Contratos con generaci\u00f3n autom\u00e1tica de Facturas<br \/>\n&#8211; Gesti\u00f3n Certificaci\u00f3n ISO 9000<br \/>\n&#8211; Cuenta Corriente Vendedores<br \/>\n&#8211; Centralizador de Sucursales<br \/>\n&#8211; Sueldos y Jornales<\/p>\n<h2><span style=\"color: #008000;\">Funcionalidades<\/span><\/h2>\n<p>&#8211; Multiempresa<br \/>\n&#8211; Multisucursal<br \/>\n&#8211; Bimoneda<br \/>\n&#8211; Multidep\u00f3sito<br \/>\n&#8211; Restricciones de acceso y uso por Operador<br \/>\n&#8211; Auditor\u00eda de operaciones<\/p>\n<h2><span style=\"color: #008000;\">Ventajas del Software MIROL<\/span><\/h2>\n<h3>Contrataci\u00f3n Flexible<\/h3>\n<p>&#8211; Compra de Licencias.<br \/>\n&#8211; Alquiler o Leasing de Licencias.<\/p>\n<h3>Instalaci\u00f3n Flexible<\/h3>\n<p>&#8211; En la red interna de la empresa con posibilidad de configuraci\u00f3n como \u00ab<a title=\"Software en la Nube\" href=\"http:\/\/www.mirolnet.com\/?page_id=150\" target=\"_blank\">nube privada<\/a>\u00bb para acceder remotamente.<br \/>\n&#8211; En una \u00ab<a title=\"Software en la Nube\" href=\"http:\/\/www.mirolnet.com\/?page_id=150\" target=\"_blank\">nube p\u00fablica<\/a>\u00bb para su acceso completamente remoto.<\/p>\n<h3>Caracter\u00edsticas Funcionales<\/h3>\n<p>&#8211; Garant\u00eda funcional de por vida.<br \/>\n&#8211; Actualizaci\u00f3n y mejoramiento permanente.<br \/>\n&#8211; Es producto de la experiencia de mas de 30 a\u00f1os en desarrollos administrativos contables para PyMES.<br \/>\n&#8211; Simple e intuitivo de usar.<br \/>\n&#8211; Altamente configurable por el Usuario.<br \/>\n&#8211; Pantallas simples, despejadas y auto documentadas.<br \/>\n&#8211; R\u00e1pido, Robusto y Flexible.<br \/>\n&#8211; Seguridad de acceso y uso.<br \/>\n&#8211; Integraci\u00f3n entre los m\u00f3dulos fuerte y segura.<br \/>\n&#8211; Multiusuario y Multiempresa.<br \/>\n&#8211; Orientado a procesos (los comprobantes se cargan una sola vez)<br \/>\n&#8211; Total compatibilidad con Microsoft Office.<br \/>\n&#8211; Apto para ser usado de forma remota en la \u00abnube\u00bb<\/p>\n<p>&nbsp;<\/p>\n","protected":false},"excerpt":{"rendered":"<p>Descarge el Folleto Gracias a su gran versatilidad, Mirol Software ERP PyMEs se adapta totalmente a la organizaci\u00f3n de la empresa asegurando toda su administraci\u00f3n comercial, incluso en aquellas empresas con procesos de venta complejos y gesti\u00f3n de reaprovisionamiento multi-deposito&#8230;.<\/p>\n","protected":false},"author":1,"featured_media":464,"parent":0,"menu_order":0,"comment_status":"open","ping_status":"open","template":"templates\/fullwidth.php","meta":{"footnotes":""},"class_list":["post-79","page","type-page","status-publish","has-post-thumbnail","hentry"],"yoast_head":"<!-- This site is optimized with the Yoast SEO plugin v23.0 - https:\/\/yoast.com\/wordpress\/plugins\/seo\/ -->\r\n<title>Mirol Software ERP PyMes - Mirol SyS<\/title>\r\n<meta name=\"description\" content=\"Mirol Software ERP PyMEs es el resultado de 30 a\u00f1os de experiencia desarrollando e implementando software en PyMEs de Argentina\" \/>\r\n<meta name=\"robots\" content=\"index, follow, max-snippet:-1, max-image-preview:large, max-video-preview:-1\" \/>\r\n<link rel=\"canonical\" href=\"https:\/\/www.mirol.com\/index.php\/mirol-software-erp-pymes\/\" \/>\r\n<meta property=\"og:locale\" content=\"es_ES\" \/>\r\n<meta property=\"og:type\" content=\"article\" \/>\r\n<meta property=\"og:title\" content=\"Mirol Software ERP PyMes - Mirol SyS\" \/>\r\n<meta property=\"og:description\" content=\"Mirol Software ERP PyMEs es el resultado de 30 a\u00f1os de experiencia desarrollando e implementando software en PyMEs de Argentina\" \/>\r\n<meta property=\"og:url\" content=\"https:\/\/www.mirol.com\/index.php\/mirol-software-erp-pymes\/\" \/>\r\n<meta property=\"og:site_name\" content=\"Mirol SyS\" \/>\r\n<meta property=\"article:modified_time\" content=\"2015-03-18T19:07:38+00:00\" \/>\r\n<meta property=\"og:image\" content=\"https:\/\/www.mirol.com\/wp-content\/uploads\/2015\/01\/Mirol-Gestion-PyME-Top.jpg\" \/>\r\n\t<meta property=\"og:image:width\" content=\"2480\" \/>\r\n\t<meta property=\"og:image:height\" content=\"591\" \/>\r\n\t<meta property=\"og:image:type\" content=\"image\/jpeg\" \/>\r\n<meta name=\"twitter:label1\" content=\"Tiempo de lectura\" \/>\n\t<meta name=\"twitter:data1\" content=\"3 minutos\" \/>\r\n<script type=\"application\/ld+json\" class=\"yoast-schema-graph\">{\"@context\":\"https:\/\/schema.org\",\"@graph\":[{\"@type\":\"WebPage\",\"@id\":\"https:\/\/www.mirol.com\/index.php\/mirol-software-erp-pymes\/\",\"url\":\"https:\/\/www.mirol.com\/index.php\/mirol-software-erp-pymes\/\",\"name\":\"Mirol Software ERP PyMes - Mirol SyS\",\"isPartOf\":{\"@id\":\"https:\/\/www.mirol.com\/#website\"},\"primaryImageOfPage\":{\"@id\":\"https:\/\/www.mirol.com\/index.php\/mirol-software-erp-pymes\/#primaryimage\"},\"image\":{\"@id\":\"https:\/\/www.mirol.com\/index.php\/mirol-software-erp-pymes\/#primaryimage\"},\"thumbnailUrl\":\"https:\/\/www.mirol.com\/wp-content\/uploads\/2015\/01\/Mirol-Gestion-PyME-Top.jpg\",\"datePublished\":\"2015-01-15T17:56:39+00:00\",\"dateModified\":\"2015-03-18T19:07:38+00:00\",\"description\":\"Mirol Software ERP PyMEs es el resultado de 30 a\u00f1os de experiencia desarrollando e implementando software en PyMEs de Argentina\",\"breadcrumb\":{\"@id\":\"https:\/\/www.mirol.com\/index.php\/mirol-software-erp-pymes\/#breadcrumb\"},\"inLanguage\":\"es\",\"potentialAction\":[{\"@type\":\"ReadAction\",\"target\":[\"https:\/\/www.mirol.com\/index.php\/mirol-software-erp-pymes\/\"]}]},{\"@type\":\"ImageObject\",\"inLanguage\":\"es\",\"@id\":\"https:\/\/www.mirol.com\/index.php\/mirol-software-erp-pymes\/#primaryimage\",\"url\":\"https:\/\/www.mirol.com\/wp-content\/uploads\/2015\/01\/Mirol-Gestion-PyME-Top.jpg\",\"contentUrl\":\"https:\/\/www.mirol.com\/wp-content\/uploads\/2015\/01\/Mirol-Gestion-PyME-Top.jpg\",\"width\":2480,\"height\":591,\"caption\":\"Mirol Software ERP PyMEs\"},{\"@type\":\"BreadcrumbList\",\"@id\":\"https:\/\/www.mirol.com\/index.php\/mirol-software-erp-pymes\/#breadcrumb\",\"itemListElement\":[{\"@type\":\"ListItem\",\"position\":1,\"name\":\"Portada\",\"item\":\"https:\/\/www.mirol.com\/\"},{\"@type\":\"ListItem\",\"position\":2,\"name\":\"Mirol Software ERP PyMes\"}]},{\"@type\":\"WebSite\",\"@id\":\"https:\/\/www.mirol.com\/#website\",\"url\":\"https:\/\/www.mirol.com\/\",\"name\":\"Mirol SyS\",\"description\":\"Software de Gesti\u00f3n para Empresas\",\"publisher\":{\"@id\":\"https:\/\/www.mirol.com\/#organization\"},\"potentialAction\":[{\"@type\":\"SearchAction\",\"target\":{\"@type\":\"EntryPoint\",\"urlTemplate\":\"https:\/\/www.mirol.com\/?s={search_term_string}\"},\"query-input\":\"required name=search_term_string\"}],\"inLanguage\":\"es\"},{\"@type\":\"Organization\",\"@id\":\"https:\/\/www.mirol.com\/#organization\",\"name\":\"Mirol SyS\",\"url\":\"https:\/\/www.mirol.com\/\",\"logo\":{\"@type\":\"ImageObject\",\"inLanguage\":\"es\",\"@id\":\"https:\/\/www.mirol.com\/#\/schema\/logo\/image\/\",\"url\":\"https:\/\/www.mirol.com\/wp-content\/uploads\/2015\/05\/Logo-rectangular.jpg\",\"contentUrl\":\"https:\/\/www.mirol.com\/wp-content\/uploads\/2015\/05\/Logo-rectangular.jpg\",\"width\":191,\"height\":74,\"caption\":\"Mirol SyS\"},\"image\":{\"@id\":\"https:\/\/www.mirol.com\/#\/schema\/logo\/image\/\"}}]}<\/script>\r\n<!-- \/ Yoast SEO plugin. -->","yoast_head_json":{"title":"Mirol Software ERP PyMes - Mirol SyS","description":"Mirol Software ERP PyMEs es el resultado de 30 a\u00f1os de experiencia desarrollando e implementando software en PyMEs de Argentina","robots":{"index":"index","follow":"follow","max-snippet":"max-snippet:-1","max-image-preview":"max-image-preview:large","max-video-preview":"max-video-preview:-1"},"canonical":"https:\/\/www.mirol.com\/index.php\/mirol-software-erp-pymes\/","og_locale":"es_ES","og_type":"article","og_title":"Mirol Software ERP PyMes - Mirol SyS","og_description":"Mirol Software ERP PyMEs es el resultado de 30 a\u00f1os de experiencia desarrollando e implementando software en PyMEs de Argentina","og_url":"https:\/\/www.mirol.com\/index.php\/mirol-software-erp-pymes\/","og_site_name":"Mirol SyS","article_modified_time":"2015-03-18T19:07:38+00:00","og_image":[{"width":2480,"height":591,"url":"https:\/\/www.mirol.com\/wp-content\/uploads\/2015\/01\/Mirol-Gestion-PyME-Top.jpg","type":"image\/jpeg"}],"twitter_misc":{"Tiempo de lectura":"3 minutos"},"schema":{"@context":"https:\/\/schema.org","@graph":[{"@type":"WebPage","@id":"https:\/\/www.mirol.com\/index.php\/mirol-software-erp-pymes\/","url":"https:\/\/www.mirol.com\/index.php\/mirol-software-erp-pymes\/","name":"Mirol Software ERP PyMes - Mirol SyS","isPartOf":{"@id":"https:\/\/www.mirol.com\/#website"},"primaryImageOfPage":{"@id":"https:\/\/www.mirol.com\/index.php\/mirol-software-erp-pymes\/#primaryimage"},"image":{"@id":"https:\/\/www.mirol.com\/index.php\/mirol-software-erp-pymes\/#primaryimage"},"thumbnailUrl":"https:\/\/www.mirol.com\/wp-content\/uploads\/2015\/01\/Mirol-Gestion-PyME-Top.jpg","datePublished":"2015-01-15T17:56:39+00:00","dateModified":"2015-03-18T19:07:38+00:00","description":"Mirol Software ERP PyMEs es el resultado de 30 a\u00f1os de experiencia desarrollando e implementando software en PyMEs de Argentina","breadcrumb":{"@id":"https:\/\/www.mirol.com\/index.php\/mirol-software-erp-pymes\/#breadcrumb"},"inLanguage":"es","potentialAction":[{"@type":"ReadAction","target":["https:\/\/www.mirol.com\/index.php\/mirol-software-erp-pymes\/"]}]},{"@type":"ImageObject","inLanguage":"es","@id":"https:\/\/www.mirol.com\/index.php\/mirol-software-erp-pymes\/#primaryimage","url":"https:\/\/www.mirol.com\/wp-content\/uploads\/2015\/01\/Mirol-Gestion-PyME-Top.jpg","contentUrl":"https:\/\/www.mirol.com\/wp-content\/uploads\/2015\/01\/Mirol-Gestion-PyME-Top.jpg","width":2480,"height":591,"caption":"Mirol Software ERP PyMEs"},{"@type":"BreadcrumbList","@id":"https:\/\/www.mirol.com\/index.php\/mirol-software-erp-pymes\/#breadcrumb","itemListElement":[{"@type":"ListItem","position":1,"name":"Portada","item":"https:\/\/www.mirol.com\/"},{"@type":"ListItem","position":2,"name":"Mirol Software ERP PyMes"}]},{"@type":"WebSite","@id":"https:\/\/www.mirol.com\/#website","url":"https:\/\/www.mirol.com\/","name":"Mirol SyS","description":"Software de Gesti\u00f3n para Empresas","publisher":{"@id":"https:\/\/www.mirol.com\/#organization"},"potentialAction":[{"@type":"SearchAction","target":{"@type":"EntryPoint","urlTemplate":"https:\/\/www.mirol.com\/?s={search_term_string}"},"query-input":"required name=search_term_string"}],"inLanguage":"es"},{"@type":"Organization","@id":"https:\/\/www.mirol.com\/#organization","name":"Mirol SyS","url":"https:\/\/www.mirol.com\/","logo":{"@type":"ImageObject","inLanguage":"es","@id":"https:\/\/www.mirol.com\/#\/schema\/logo\/image\/","url":"https:\/\/www.mirol.com\/wp-content\/uploads\/2015\/05\/Logo-rectangular.jpg","contentUrl":"https:\/\/www.mirol.com\/wp-content\/uploads\/2015\/05\/Logo-rectangular.jpg","width":191,"height":74,"caption":"Mirol SyS"},"image":{"@id":"https:\/\/www.mirol.com\/#\/schema\/logo\/image\/"}}]}},"_links":{"self":[{"href":"https:\/\/www.mirol.com\/index.php\/wp-json\/wp\/v2\/pages\/79","targetHints":{"allow":["GET"]}}],"collection":[{"href":"https:\/\/www.mirol.com\/index.php\/wp-json\/wp\/v2\/pages"}],"about":[{"href":"https:\/\/www.mirol.com\/index.php\/wp-json\/wp\/v2\/types\/page"}],"author":[{"embeddable":true,"href":"https:\/\/www.mirol.com\/index.php\/wp-json\/wp\/v2\/users\/1"}],"replies":[{"embeddable":true,"href":"https:\/\/www.mirol.com\/index.php\/wp-json\/wp\/v2\/comments?post=79"}],"version-history":[{"count":15,"href":"https:\/\/www.mirol.com\/index.php\/wp-json\/wp\/v2\/pages\/79\/revisions"}],"predecessor-version":[{"id":88,"href":"https:\/\/www.mirol.com\/index.php\/wp-json\/wp\/v2\/pages\/79\/revisions\/88"}],"wp:featuredmedia":[{"embeddable":true,"href":"https:\/\/www.mirol.com\/index.php\/wp-json\/wp\/v2\/media\/464"}],"wp:attachment":[{"href":"https:\/\/www.mirol.com\/index.php\/wp-json\/wp\/v2\/media?parent=79"}],"curies":[{"name":"wp","href":"https:\/\/api.w.org\/{rel}","templated":true}]}}