{"id":857,"date":"2017-10-25T17:42:50","date_gmt":"2017-10-25T20:42:50","guid":{"rendered":"http:\/\/www.mirol.com\/?page_id=857"},"modified":"2023-11-12T17:00:01","modified_gmt":"2023-11-12T20:00:01","slug":"mirol-nube","status":"publish","type":"page","link":"https:\/\/www.mirol.com\/index.php\/mirol-nube\/","title":{"rendered":"Mirol Nube"},"content":{"rendered":"<h2><span style=\"color: #008000;\"><strong>\u00bfQU\u00c9 ES MIROL NUBE?<\/strong><\/span><\/h2>\n<p style=\"font-size: 24px;\">Mirol Nube es un servicio que permite operar con el Sistema Mirol Gesti\u00f3n a trav\u00e9s de un servidor virtual. Se accede a este servicio mediante un abono mensual, y\u00a0se puede trabajar con los m\u00f3dulos de Ventas, Stock, Compras y Tesorer\u00eda, de forma segura desde\u00a0una PC o port\u00e1til con acceso a internet.<\/p>\n<h2><span style=\"color: #008000;\"><strong>\u00bfQU\u00c9 INCLUYE?<\/strong><\/span><\/h2>\n<h3>Ventas<\/h3>\n<p style=\"padding-left: 30px;\">Facturaci\u00f3n electr\u00f3nica (RG 2485\/08).<br \/>\nVentas en cuenta corriente o al contado (integrado con Tesorer\u00eda).<br \/>\nCircuitos de Facturas \u2013 Remitos, Remitos-Factura y Factura y Remitos sobre Pedidos.<br \/>\nM\u00faltiples condiciones de venta.<br \/>\nSubdiario de IVA y Libro I.V.A. Ventas.<br \/>\nGeneraci\u00f3n y exportaci\u00f3n de asientos para Contabilidad.<br \/>\nGeneraci\u00f3n de archivos para D.G.I. R.G. 4110 &#8211; SICORE.<br \/>\nGeneraci\u00f3n de informaci\u00f3n compras y ventas RG 3685.<br \/>\nGeneraci\u00f3n archivo RG 745- AGIP (E-Arciba).<br \/>\nPercepci\u00f3n de I. Brutos. Generaci\u00f3n archivos para presentaci\u00f3n DDJJ.<br \/>\nIngreso de cobranzas.<br \/>\nResumen de cuenta y Composici\u00f3n de saldos por factura y vencimiento.<br \/>\nInformes de Deudas vencidas y cobranzas a realizar entre fechas.<\/p>\n<h4>Stock<\/h4>\n<p style=\"padding-left: 30px;\">Multidep\u00f3sito.<br \/>\nValorizaci\u00f3n de stock por m\u00faltiples criterios.<br \/>\nCentraliza en forma integral la informaci\u00f3n de stock de Ventas y Compras.<br \/>\nExportaci\u00f3n e Importaci\u00f3n de art\u00edculos.<br \/>\nC\u00f3digo de art\u00edculo, sin\u00f3nimo y c\u00f3digo de barra.<br \/>\nF\u00f3rmulas de composici\u00f3n para armado de productos.<br \/>\nPrecio Promedio Ponderado, Precio \u00daltima Compra y Reposici\u00f3n.<br \/>\nM\u00faltiples informes y estad\u00edsticas de stock.<\/p>\n<h4>Compras<\/h4>\n<p style=\"padding-left: 30px;\">Comprobantes de mercader\u00eda, Conceptos o Servicios.<br \/>\nCircuitos de Facturas-Remitos, Remitos-Facturas, Facturas y Remitos sobre \u00d3rdenes de Compra.<br \/>\nArt\u00edculos por proveedor. Sin\u00f3nimo de compra.<br \/>\nCompras al contado o en cuenta corriente.<br \/>\nSubdiario de IVA y Libro I.V.A. Compras.<br \/>\nGeneraci\u00f3n de asientos para Contabilidad.<br \/>\nConexi\u00f3n con el sistema S.I.Ap.-IVA &#8211; VER. 3.0, RG 715\/99 (BO 2\/11\/99).<br \/>\nGeneraci\u00f3n de informaci\u00f3n compras y ventas RG 3685.<br \/>\nGeneraci\u00f3n archivo RG 745- AGIP (E-Arciba).<br \/>\nM\u00faltiples informes y estad\u00edsticas sobre la gesti\u00f3n de Compras.<\/p>\n<h4>Tesorer\u00eda<\/h4>\n<p style=\"padding-left: 30px;\">Libre definici\u00f3n de cuentas de cartera, bancos, tarjetas y otras.<br \/>\nRegistraci\u00f3n de Pagos, Cobros, Dep\u00f3sitos, Rechazos y otras operaciones que involucren valores.<br \/>\nSeguimiento e impresi\u00f3n de cheques.<br \/>\nConciliaci\u00f3n de cuentas bancarias y no bancarias.<br \/>\nHabilitaci\u00f3n de cuentas para los distintos m\u00f3dulos (Compras, Ventas, Tesorer\u00eda).<br \/>\nCierre y arqueo de caja.<br \/>\nGeneraci\u00f3n de asientos para Contabilidad.<br \/>\nInformes para auditor\u00eda y control de las operaciones realizadas.<\/p>\n<h2><span style=\"color: #008000;\"><strong>BENEFICIOS DE MIROL NUBE<\/strong><\/span><\/h2>\n<h3>REDUCCION DE COSTOS<\/h3>\n<p style=\"padding-left: 30px;\">Facilidad de uso y r\u00e1pida puesta en marcha.<br \/>\nMejora de la comunicaci\u00f3n entre \u00e1reas internas y empresas asociadas.<br \/>\nAprovechamiento m\u00e1ximo de la informaci\u00f3n generada por cada \u00e1rea.<br \/>\nAcceso m\u00e1s r\u00e1pido a informaci\u00f3n.<\/p>\n<h3>ACCESO A LA INFORMACI\u00d3N<\/h3>\n<p style=\"padding-left: 30px;\">Permite acceder a la informaci\u00f3n de la empresa desde cualquier lugar, las veinticuatro horas, siete d\u00edas a la semana. S\u00f3lo requiere una conexi\u00f3n a Internet.<\/p>\n<p style=\"padding-left: 30px;\">Integraci\u00f3n de sucursales u oficinas m\u00f3viles de manera autom\u00e1tica y transparente al compartir una \u00fanica base de datos en l\u00ednea.<\/p>\n<p style=\"padding-left: 30px;\">Independencia del sistema operativo, del lugar desde donde trabajemos e incluso del hardware. Se puede usar el sistema a\u00fan en equipos de baja potencia o con Wi-Fi. Acceso a un software funcional, fiable y con actualizaciones constantes.<\/p>\n<h3>SEGURIDAD<\/h3>\n<p style=\"padding-left: 30px;\">Acceso a la informaci\u00f3n de forma segura y privada. El servidor se encuentra alojado en un data center con seguridad las 24 hs los 365 d\u00edas del a\u00f1o y con monitoreo remoto v\u00eda c\u00e1maras de seguridad.<\/p>\n<h3>ACTUALIZACIONES<\/h3>\n<p style=\"padding-left: 30px;\">Est\u00e1n incluidas actualizaciones funcionales, t\u00e9cnicas y normativas de alcance general del sistema Mirol. La actualizaci\u00f3n se hace autom\u00e1ticamente sobre el servidor de manera transparente para los usuarios.<\/p>\n<h3>MANTENIMIENTO<\/h3>\n<p style=\"padding-left: 30px;\">Las tareas de mantenimiento incluyen: backups diarios de las bases de Datos Mirol, Anti-Virus, mantenimiento de servidor y dem\u00e1s software provisto.<\/p>\n<h3>ASISTENCIA POSTVENTA<\/h3>\n<p style=\"padding-left: 30px;\">Soporte y actualizaci\u00f3n m\u00e1s \u00e1gil. La actualizaci\u00f3n se hace autom\u00e1ticamente sobre el servidor de manera transparente para los usuarios.<\/p>\n<p style=\"padding-left: 30px;\">Consultas ilimitadas por correo electr\u00f3nico, whatsapp o tel\u00e9fono, de lunes a viernes en el horario de 9 a 18hs.<\/p>\n<h3>RESPALDO<\/h3>\n<p style=\"padding-left: 30px;\">Respaldo de Mirol SyS, empresa desarrolladora de Mirol Gesti\u00f3n, con mas de 40 a\u00f1os de trayectoria en todo el Pa\u00eds.<\/p>\n<h2><span style=\"color: #008000;\"><strong>INFRAESTRUCTURA CLOUD<\/strong><\/span><\/h2>\n<p>(Puede variar levemente dependiendo del Proveedor)<\/p>\n<p>El servidor virtual se encuentra alojado en un data center provisto de condiciones seguras y controladas para brindarte total seguridad.<\/p>\n<p>Ejemplo:<br \/>\n&#8211; Conexi\u00f3n a Internet redundante.<br \/>\n&#8211; Subestaci\u00f3n transformadora de media a baja tensi\u00f3n, para brindar mejor provisi\u00f3n de electricidad.<br \/>\n&#8211; Energ\u00eda ininterrumpida mediante UPS\u2019s y bancos de bater\u00edas redundantes.<br \/>\n&#8211; Generaci\u00f3n de energ\u00eda propia con un total de 5 grupos electr\u00f3genos de 8.1 MVA.<br \/>\n&#8211; Instalaci\u00f3n el\u00e9ctrica con descarga a tierra y protecci\u00f3n t\u00e9cnica contra sobrecargas.<br \/>\n&#8211; Control de temperatura y humedad.<br \/>\n&#8211; Sistema de detecci\u00f3n y extinci\u00f3n de incendios con accionamiento autom\u00e1tico.<br \/>\n&#8211; Personal de seguridad las 24 horas los 365 d\u00edas del a\u00f1o.<br \/>\n&#8211; Monitoreo remoto v\u00eda c\u00e1maras de seguridad y sistema de grabaci\u00f3n de cintas de video.<\/p>\n<h2><span style=\"color: #008000;\"><strong>PRECIOS<\/strong><\/span><\/h2>\n<p style=\"padding-left: 30px;\"><strong>Abono mensual<\/strong>: Consultar<\/p>\n<p style=\"padding-left: 30px;\"><strong>Servicio incluido<\/strong>: Servidor Virtual (Windows Server, 2 vCPU, 4 GB de RAM y 100 GB disco)(o mayor si es necesario)<\/p>\n<p style=\"padding-left: 30px;\"><strong>Producto<\/strong>: Mirol Gesti\u00f3n PyME &#8211; Constructora &#8211; Inmobiliaria<\/p>\n<p style=\"padding-left: 30px;\"><strong>Puestos de trabajo<\/strong>: Necesarios<\/p>\n<p style=\"padding-left: 30px;\"><strong>Cantidad de Empresas<\/strong>: Ilimitada<\/p>\n<p style=\"padding-left: 30px;\"><strong>Licencias terminal server<\/strong>: Necesarios<\/p>\n","protected":false},"excerpt":{"rendered":"<p>\u00bfQU\u00c9 ES MIROL NUBE? Mirol Nube es un servicio que permite operar con el Sistema Mirol Gesti\u00f3n a trav\u00e9s de un servidor virtual. Se accede a este servicio mediante un abono mensual, y\u00a0se puede trabajar con los m\u00f3dulos de Ventas,&#8230;<\/p>\n","protected":false},"author":1,"featured_media":873,"parent":0,"menu_order":0,"comment_status":"closed","ping_status":"closed","template":"templates\/fullwidth.php","meta":{"footnotes":""},"class_list":["post-857","page","type-page","status-publish","has-post-thumbnail","hentry"],"yoast_head":"<!-- This site is optimized with the Yoast SEO plugin v23.0 - https:\/\/yoast.com\/wordpress\/plugins\/seo\/ -->\r\n<title>Mirol Nube - Mirol SyS<\/title>\r\n<meta name=\"description\" content=\"Mirol Nube es un servicio que permite operar con el Sistema Mirol Gesti\u00f3n a trav\u00e9s de un servidor virtual.\" \/>\r\n<meta name=\"robots\" content=\"index, follow, max-snippet:-1, max-image-preview:large, max-video-preview:-1\" \/>\r\n<link rel=\"canonical\" href=\"https:\/\/www.mirol.com\/index.php\/mirol-nube\/\" \/>\r\n<meta property=\"og:locale\" content=\"es_ES\" \/>\r\n<meta property=\"og:type\" content=\"article\" \/>\r\n<meta property=\"og:title\" content=\"Mirol Nube - Mirol SyS\" \/>\r\n<meta property=\"og:description\" content=\"Mirol Nube es un servicio que permite operar con el Sistema Mirol Gesti\u00f3n a trav\u00e9s de un servidor virtual.\" \/>\r\n<meta property=\"og:url\" content=\"https:\/\/www.mirol.com\/index.php\/mirol-nube\/\" \/>\r\n<meta property=\"og:site_name\" content=\"Mirol SyS\" \/>\r\n<meta property=\"article:modified_time\" content=\"2023-11-12T20:00:01+00:00\" \/>\r\n<meta property=\"og:image\" content=\"https:\/\/www.mirol.com\/wp-content\/uploads\/2015\/01\/Mirol-Nube_Mirol-Nube-fino-e1509129884804.jpg\" \/>\r\n\t<meta property=\"og:image:width\" content=\"2480\" \/>\r\n\t<meta property=\"og:image:height\" content=\"827\" \/>\r\n\t<meta property=\"og:image:type\" content=\"image\/jpeg\" \/>\r\n<meta name=\"twitter:label1\" content=\"Tiempo de lectura\" \/>\n\t<meta name=\"twitter:data1\" content=\"4 minutos\" \/>\r\n<script type=\"application\/ld+json\" class=\"yoast-schema-graph\">{\"@context\":\"https:\/\/schema.org\",\"@graph\":[{\"@type\":\"WebPage\",\"@id\":\"https:\/\/www.mirol.com\/index.php\/mirol-nube\/\",\"url\":\"https:\/\/www.mirol.com\/index.php\/mirol-nube\/\",\"name\":\"Mirol Nube - Mirol SyS\",\"isPartOf\":{\"@id\":\"https:\/\/www.mirol.com\/#website\"},\"primaryImageOfPage\":{\"@id\":\"https:\/\/www.mirol.com\/index.php\/mirol-nube\/#primaryimage\"},\"image\":{\"@id\":\"https:\/\/www.mirol.com\/index.php\/mirol-nube\/#primaryimage\"},\"thumbnailUrl\":\"https:\/\/www.mirol.com\/wp-content\/uploads\/2015\/01\/Mirol-Nube_Mirol-Nube-fino-e1509129884804.jpg\",\"datePublished\":\"2017-10-25T20:42:50+00:00\",\"dateModified\":\"2023-11-12T20:00:01+00:00\",\"description\":\"Mirol Nube es un servicio que permite operar con el Sistema Mirol Gesti\u00f3n a trav\u00e9s de un servidor virtual.\",\"breadcrumb\":{\"@id\":\"https:\/\/www.mirol.com\/index.php\/mirol-nube\/#breadcrumb\"},\"inLanguage\":\"es\",\"potentialAction\":[{\"@type\":\"ReadAction\",\"target\":[\"https:\/\/www.mirol.com\/index.php\/mirol-nube\/\"]}]},{\"@type\":\"ImageObject\",\"inLanguage\":\"es\",\"@id\":\"https:\/\/www.mirol.com\/index.php\/mirol-nube\/#primaryimage\",\"url\":\"https:\/\/www.mirol.com\/wp-content\/uploads\/2015\/01\/Mirol-Nube_Mirol-Nube-fino-e1509129884804.jpg\",\"contentUrl\":\"https:\/\/www.mirol.com\/wp-content\/uploads\/2015\/01\/Mirol-Nube_Mirol-Nube-fino-e1509129884804.jpg\",\"width\":2480,\"height\":827},{\"@type\":\"BreadcrumbList\",\"@id\":\"https:\/\/www.mirol.com\/index.php\/mirol-nube\/#breadcrumb\",\"itemListElement\":[{\"@type\":\"ListItem\",\"position\":1,\"name\":\"Portada\",\"item\":\"https:\/\/www.mirol.com\/\"},{\"@type\":\"ListItem\",\"position\":2,\"name\":\"Mirol Nube\"}]},{\"@type\":\"WebSite\",\"@id\":\"https:\/\/www.mirol.com\/#website\",\"url\":\"https:\/\/www.mirol.com\/\",\"name\":\"Mirol SyS\",\"description\":\"Software de Gesti\u00f3n para Empresas\",\"publisher\":{\"@id\":\"https:\/\/www.mirol.com\/#organization\"},\"potentialAction\":[{\"@type\":\"SearchAction\",\"target\":{\"@type\":\"EntryPoint\",\"urlTemplate\":\"https:\/\/www.mirol.com\/?s={search_term_string}\"},\"query-input\":\"required name=search_term_string\"}],\"inLanguage\":\"es\"},{\"@type\":\"Organization\",\"@id\":\"https:\/\/www.mirol.com\/#organization\",\"name\":\"Mirol SyS\",\"url\":\"https:\/\/www.mirol.com\/\",\"logo\":{\"@type\":\"ImageObject\",\"inLanguage\":\"es\",\"@id\":\"https:\/\/www.mirol.com\/#\/schema\/logo\/image\/\",\"url\":\"https:\/\/www.mirol.com\/wp-content\/uploads\/2015\/05\/Logo-rectangular.jpg\",\"contentUrl\":\"https:\/\/www.mirol.com\/wp-content\/uploads\/2015\/05\/Logo-rectangular.jpg\",\"width\":191,\"height\":74,\"caption\":\"Mirol SyS\"},\"image\":{\"@id\":\"https:\/\/www.mirol.com\/#\/schema\/logo\/image\/\"}}]}<\/script>\r\n<!-- \/ Yoast SEO plugin. -->","yoast_head_json":{"title":"Mirol Nube - Mirol SyS","description":"Mirol Nube es un servicio que permite operar con el Sistema Mirol Gesti\u00f3n a trav\u00e9s de un servidor virtual.","robots":{"index":"index","follow":"follow","max-snippet":"max-snippet:-1","max-image-preview":"max-image-preview:large","max-video-preview":"max-video-preview:-1"},"canonical":"https:\/\/www.mirol.com\/index.php\/mirol-nube\/","og_locale":"es_ES","og_type":"article","og_title":"Mirol Nube - Mirol SyS","og_description":"Mirol Nube es un servicio que permite operar con el Sistema Mirol Gesti\u00f3n a trav\u00e9s de un servidor virtual.","og_url":"https:\/\/www.mirol.com\/index.php\/mirol-nube\/","og_site_name":"Mirol SyS","article_modified_time":"2023-11-12T20:00:01+00:00","og_image":[{"width":2480,"height":827,"url":"https:\/\/www.mirol.com\/wp-content\/uploads\/2015\/01\/Mirol-Nube_Mirol-Nube-fino-e1509129884804.jpg","type":"image\/jpeg"}],"twitter_misc":{"Tiempo de lectura":"4 minutos"},"schema":{"@context":"https:\/\/schema.org","@graph":[{"@type":"WebPage","@id":"https:\/\/www.mirol.com\/index.php\/mirol-nube\/","url":"https:\/\/www.mirol.com\/index.php\/mirol-nube\/","name":"Mirol Nube - Mirol SyS","isPartOf":{"@id":"https:\/\/www.mirol.com\/#website"},"primaryImageOfPage":{"@id":"https:\/\/www.mirol.com\/index.php\/mirol-nube\/#primaryimage"},"image":{"@id":"https:\/\/www.mirol.com\/index.php\/mirol-nube\/#primaryimage"},"thumbnailUrl":"https:\/\/www.mirol.com\/wp-content\/uploads\/2015\/01\/Mirol-Nube_Mirol-Nube-fino-e1509129884804.jpg","datePublished":"2017-10-25T20:42:50+00:00","dateModified":"2023-11-12T20:00:01+00:00","description":"Mirol Nube es un servicio que permite operar con el Sistema Mirol Gesti\u00f3n a trav\u00e9s de un servidor virtual.","breadcrumb":{"@id":"https:\/\/www.mirol.com\/index.php\/mirol-nube\/#breadcrumb"},"inLanguage":"es","potentialAction":[{"@type":"ReadAction","target":["https:\/\/www.mirol.com\/index.php\/mirol-nube\/"]}]},{"@type":"ImageObject","inLanguage":"es","@id":"https:\/\/www.mirol.com\/index.php\/mirol-nube\/#primaryimage","url":"https:\/\/www.mirol.com\/wp-content\/uploads\/2015\/01\/Mirol-Nube_Mirol-Nube-fino-e1509129884804.jpg","contentUrl":"https:\/\/www.mirol.com\/wp-content\/uploads\/2015\/01\/Mirol-Nube_Mirol-Nube-fino-e1509129884804.jpg","width":2480,"height":827},{"@type":"BreadcrumbList","@id":"https:\/\/www.mirol.com\/index.php\/mirol-nube\/#breadcrumb","itemListElement":[{"@type":"ListItem","position":1,"name":"Portada","item":"https:\/\/www.mirol.com\/"},{"@type":"ListItem","position":2,"name":"Mirol Nube"}]},{"@type":"WebSite","@id":"https:\/\/www.mirol.com\/#website","url":"https:\/\/www.mirol.com\/","name":"Mirol SyS","description":"Software de Gesti\u00f3n para Empresas","publisher":{"@id":"https:\/\/www.mirol.com\/#organization"},"potentialAction":[{"@type":"SearchAction","target":{"@type":"EntryPoint","urlTemplate":"https:\/\/www.mirol.com\/?s={search_term_string}"},"query-input":"required name=search_term_string"}],"inLanguage":"es"},{"@type":"Organization","@id":"https:\/\/www.mirol.com\/#organization","name":"Mirol SyS","url":"https:\/\/www.mirol.com\/","logo":{"@type":"ImageObject","inLanguage":"es","@id":"https:\/\/www.mirol.com\/#\/schema\/logo\/image\/","url":"https:\/\/www.mirol.com\/wp-content\/uploads\/2015\/05\/Logo-rectangular.jpg","contentUrl":"https:\/\/www.mirol.com\/wp-content\/uploads\/2015\/05\/Logo-rectangular.jpg","width":191,"height":74,"caption":"Mirol SyS"},"image":{"@id":"https:\/\/www.mirol.com\/#\/schema\/logo\/image\/"}}]}},"_links":{"self":[{"href":"https:\/\/www.mirol.com\/index.php\/wp-json\/wp\/v2\/pages\/857","targetHints":{"allow":["GET"]}}],"collection":[{"href":"https:\/\/www.mirol.com\/index.php\/wp-json\/wp\/v2\/pages"}],"about":[{"href":"https:\/\/www.mirol.com\/index.php\/wp-json\/wp\/v2\/types\/page"}],"author":[{"embeddable":true,"href":"https:\/\/www.mirol.com\/index.php\/wp-json\/wp\/v2\/users\/1"}],"replies":[{"embeddable":true,"href":"https:\/\/www.mirol.com\/index.php\/wp-json\/wp\/v2\/comments?post=857"}],"version-history":[{"count":12,"href":"https:\/\/www.mirol.com\/index.php\/wp-json\/wp\/v2\/pages\/857\/revisions"}],"predecessor-version":[{"id":1177,"href":"https:\/\/www.mirol.com\/index.php\/wp-json\/wp\/v2\/pages\/857\/revisions\/1177"}],"wp:featuredmedia":[{"embeddable":true,"href":"https:\/\/www.mirol.com\/index.php\/wp-json\/wp\/v2\/media\/873"}],"wp:attachment":[{"href":"https:\/\/www.mirol.com\/index.php\/wp-json\/wp\/v2\/media?parent=857"}],"curies":[{"name":"wp","href":"https:\/\/api.w.org\/{rel}","templated":true}]}}