{"id":91,"date":"2015-01-20T15:40:51","date_gmt":"2015-01-20T18:40:51","guid":{"rendered":"http:\/\/www.mirolnet.com\/?page_id=91"},"modified":"2023-11-16T15:21:58","modified_gmt":"2023-11-16T18:21:58","slug":"mirol-software-erp-inmobiliario","status":"publish","type":"page","link":"https:\/\/www.mirol.com\/index.php\/mirol-software-erp-inmobiliario\/","title":{"rendered":"Mirol Software para Inmobiliarias"},"content":{"rendered":"<p style=\"text-align: center;\"><a href=\"http:\/\/www.slideshare.net\/MirolSyS\/mirol-inmobiliarias-folleto\" target=\"_blank\" rel=\"noopener noreferrer\">Descarge el Folleto<\/a><\/p>\n<p><strong>Mirol Software para Inmobiliarias,<\/strong>\u00a0es la forma m\u00e1s simple y efectiva de administrar propiedades para venta o alquiler y consorcios, sin p\u00e9rdida de tiempo, ni control de la documentaci\u00f3n. Se adapta f\u00e1cilmente a la organizaci\u00f3n de la empresa inmobiliaria haciendo eficiente toda su gesti\u00f3n administrativo contable. Impresi\u00f3n o env\u00edo de cupones por mail con c\u00f3digo de barras.<\/p>\n<p>Este <strong>Software para Inmobiliarias<\/strong> sincroniza los datos en un Portal de Autogesti\u00f3n Web de Inquilinos con consulta e impresi\u00f3n de Recibos con c\u00f3digo de barras.<\/p>\n<p>Su integraci\u00f3n con Tesorer\u00eda y Contabilidad optimiza el circuito administrativo, facilitando el proceso financiero y contable de cobros, liquidaciones, pagos y par\u00e1metros contables.<\/p>\n<p>Soporte de <a href=\"https:\/\/www.mirol.com\/index.php\/factura-electronica\/\"><strong>Factura Electr\u00f3nica<\/strong><\/a>.<\/p>\n<h3><span style=\"color: #008000; font-size: 1.5em;\">M\u00f3dulos\u00a0<\/span><span style=\"color: #008000; font-size: 1.5em;\">Mirol Software para Inmobiliarias<\/span><\/h3>\n<h3>Administraci\u00f3n de Propiedades<\/h3>\n<p>Este M\u00f3dulo lleva la gesti\u00f3n de la administraci\u00f3n de propiedades en alquiler permitiendo la generaci\u00f3n autom\u00e1tica de novedades, emisi\u00f3n de recibos de alquiler, la liquidaci\u00f3n al propietario, el control y seguimiento de impuestos y servicios, la emisi\u00f3n de listados de control, etc.. Se complementa adem\u00e1s con el M\u00f3dulo AVP de Alquiler y Venta de Propiedades y el de Tesorer\u00eda.<\/p>\n<p>&#8211; Manejo de datos de propietarios, inquilinos, garantes, administradores y contactos varios de abogados, escribanos, plomeros, gasistas, etc.; centralizados en una base de datos \u00fanica.<br \/>\n&#8211; Apertura de m\u00faltiples contratos en forma simult\u00e1nea, manteniendo los servicios, previstos y novedades; completamente separadas y disponibles.<br \/>\n&#8211; Generaci\u00f3n de las novedades previstas de alquileres durante el per\u00edodo de duraci\u00f3n del contrato, servicios e impuestos del a\u00f1o calendario; y cualquier otra novedad que se quiera dejar pendiente a cargo del inquilino o el propietario.<br \/>\n&#8211; Manejo autom\u00e1tico de cancelaci\u00f3n de impuestos o servicios.<br \/>\n&#8211; Asignaci\u00f3n de impuestos a la propiedad y de servicios al contrato.<br \/>\n&#8211; Generaci\u00f3n de novedades e impuestos y servicios libremente.<br \/>\n&#8211; Gesti\u00f3n de tareas por propiedad. El sistema permite cargar reclamos a una propiedad quedando en estado de \u00abPendiente\u00bb, luego asign\u00e1rsela a una persona y pasarla al estado de \u00abDerivada\u00bb; y por \u00faltimo pasarla al estado de \u00abTerminada\u00bb completando la informaci\u00f3n de como se solucion\u00f3 el problema.<br \/>\n&#8211; Emisi\u00f3n de Recibos de Inquilinos y Liquidaci\u00f3n de propietarios<br \/>\n&#8211; Env\u00edo autom\u00e1tico de comprobantes por mail.<br \/>\n&#8211; Integraci\u00f3n con Portal de Autogesti\u00f3n WEB para Inquilinos con impresi\u00f3n de Recibo de pago con c\u00f3digo de barras (Rapipago, PagoFacil y otros).<br \/>\n&#8211; Factura electr\u00f3nica<\/p>\n<h3>Consorcios<\/h3>\n<p>&#8211; Definici\u00f3n de ilimitada cantidad de Consorcios.<br \/>\n&#8211; En las fichas de las propiedades del consorcio se puede especificar su n\u00famero de unidad y coeficiente.<br \/>\n&#8211; Ingreso de los gastos de cada consorcio y per\u00edodo.<br \/>\n&#8211; Proceso de generaci\u00f3n de expensas a cobrar en cada propiedad del consorcio.<br \/>\n&#8211; Impresi\u00f3n de cupones de cobro con c\u00f3digo de barras (Rapipago, PagoFacil y otros).<br \/>\n&#8211; Ingreso de cobranza electr\u00f3nica (Rapipago, PagoFacil y otros).<\/p>\n<h3>Cat\u00e1logo de propiedades en Venta y Alquiler<\/h3>\n<p>Este M\u00f3dulo lleva la gesti\u00f3n de la cartera de propiedades en venta y alquiler permitiendo la carga de los datos espec\u00edficos para cada tipo de propiedad (casa, departamento, terreno, etc.). Adem\u00e1s cuenta con un amplio sector para el ingreso de texto libre, como asi tambi\u00e9n hasta 4 im\u00e1genes.<br \/>\nPosee filtros para realizar consultas por precio, barrio y cantidad de dormitorios.<br \/>\nManeja las fichas de las propiedades en venta y alquiler, permitiendo cargar los datos de distintos tipos de inmuebles y buscarlos por su importe, ubicaci\u00f3n (barrio) o comodidades.<br \/>\nSe caracteriza por la simplicidad de uso y la rapidez en la carga ya que se informa solo los datos m\u00e1s representativos. Se puede asociar a cada propiedad, informaci\u00f3n tomada de cada persona que se interesa por ella, de manera de llevar una bit\u00e1cora que sirve como estad\u00edstica y control de la actividad de ventas.<\/p>\n<h3>Tesorer\u00eda<\/h3>\n<p>Este sistema tiene por objeto llevar la cuenta corriente de los bancos, ingresos y egresos de las cajas y cheques de terceros; y llevar el libro de Bancos.<br \/>\nIngresar cheques propios, dep\u00f3sitos, ingresos y egresos de caja; y cheques de terceros.<\/p>\n<p>&#8211; Controlar qu\u00e9 movimientos se asentaron en cada cuenta financiera<br \/>\n&#8211; Verlos por fecha de emisi\u00f3n o acreditaci\u00f3n<br \/>\n&#8211; Buscar los movimientos por tipo de operaci\u00f3n (cheque, dep\u00f3sito, etc.)<br \/>\n&#8211; Hacer la conciliaci\u00f3n bancaria<br \/>\n&#8211; Controlar el saldo en caja y banco<br \/>\n&#8211; Revisar los valores en cartera y cuales se acreditan en las fechas que elija,<br \/>\n&#8211; Clasificarlos por su estado (pendientes, depositados, rechazados, etc.)<br \/>\n&#8211; Llevar registro de quien le dio un valor y cuando y que hizo con \u00e9l.<br \/>\n&#8211; Integraci\u00f3n con Cobranzas y Pagos de manera que los medios de pago se actualicen autom\u00e1ticamente en Tesorer\u00eda.<\/p>\n<h2><span style=\"color: #008000;\">Ventajas de MIROL <\/span><span style=\"color: #008000;\">Software\u00a0<\/span><span style=\"color: #008000;\">para Inmobiliarias<\/span><\/h2>\n<h3>Contrataci\u00f3n Flexible<\/h3>\n<p>&#8211; Suscripci\u00f3n de anual o mensual.<\/p>\n<h3>Instalaci\u00f3n Flexible<\/h3>\n<p>&#8211; En la red interna de la empresa con posibilidad de configuraci\u00f3n como \u00ab<a title=\"Software en la Nube\" href=\"http:\/\/www.mirolnet.com\/?page_id=150\" target=\"_blank\" rel=\"noopener noreferrer\">nube privada<\/a>\u00bb para acceder remotamente.<br \/>\n&#8211; En una \u00ab<a title=\"Software en la Nube\" href=\"http:\/\/www.mirolnet.com\/?page_id=150\" target=\"_blank\" rel=\"noopener noreferrer\">nube p\u00fablica<\/a>\u00bb para su acceso completamente remoto.<\/p>\n<h3>Caracter\u00edsticas Funcionales<\/h3>\n<p>&#8211; Garant\u00eda funcional de por vida.<br \/>\n&#8211; Actualizaci\u00f3n y mejoramiento permanente.<br \/>\n&#8211; Es producto de la experiencia de mas de 30 a\u00f1os en desarrollos administrativos contables para PyMES.<br \/>\n&#8211; Simple e intuitivo de usar.<br \/>\n&#8211; Altamente configurable por el Usuario.<br \/>\n&#8211; Pantallas simples, despejadas y auto documentadas.<br \/>\n&#8211; R\u00e1pido, Robusto y Flexible.<br \/>\n&#8211; Seguridad de acceso y uso.<br \/>\n&#8211; Integraci\u00f3n entre los m\u00f3dulos fuerte y segura.<br \/>\n&#8211; Multiusuario y Multiempresa.<br \/>\n&#8211; Orientado a procesos (los comprobantes se cargan una sola vez)<br \/>\n&#8211; Total compatibilidad con Microsoft Office.<br \/>\n&#8211; Apto para ser usado de forma remota en la \u00abnube\u00bb<\/p>\n","protected":false},"excerpt":{"rendered":"<p>Descarge el Folleto Mirol Software para Inmobiliarias,\u00a0es la forma m\u00e1s simple y efectiva de administrar propiedades para venta o alquiler y consorcios, sin p\u00e9rdida de tiempo, ni control de la documentaci\u00f3n. Se adapta f\u00e1cilmente a la organizaci\u00f3n de la empresa&#8230;<\/p>\n","protected":false},"author":1,"featured_media":465,"parent":0,"menu_order":0,"comment_status":"open","ping_status":"open","template":"templates\/fullwidth.php","meta":{"footnotes":""},"class_list":["post-91","page","type-page","status-publish","has-post-thumbnail","hentry"],"yoast_head":"<!-- This site is optimized with the Yoast SEO plugin v23.0 - https:\/\/yoast.com\/wordpress\/plugins\/seo\/ -->\r\n<title>Mirol Software para Inmobiliarias - Mirol SyS<\/title>\r\n<meta name=\"description\" content=\"Mirol Software Inmobiliarias, es el resultado de 40 a\u00f1os desarrollando e implementando software para el mercado inmobiliario de Argentina.\" \/>\r\n<meta name=\"robots\" content=\"index, follow, max-snippet:-1, max-image-preview:large, max-video-preview:-1\" \/>\r\n<link rel=\"canonical\" href=\"https:\/\/www.mirol.com\/index.php\/mirol-software-erp-inmobiliario\/\" \/>\r\n<meta property=\"og:locale\" content=\"es_ES\" \/>\r\n<meta property=\"og:type\" content=\"article\" \/>\r\n<meta property=\"og:title\" content=\"Mirol Software para Inmobiliarias - Mirol SyS\" \/>\r\n<meta property=\"og:description\" content=\"Mirol Software Inmobiliarias, es el resultado de 40 a\u00f1os desarrollando e implementando software para el mercado inmobiliario de Argentina.\" \/>\r\n<meta property=\"og:url\" content=\"https:\/\/www.mirol.com\/index.php\/mirol-software-erp-inmobiliario\/\" \/>\r\n<meta property=\"og:site_name\" content=\"Mirol SyS\" \/>\r\n<meta property=\"article:modified_time\" content=\"2023-11-16T18:21:58+00:00\" \/>\r\n<meta property=\"og:image\" content=\"https:\/\/www.mirol.com\/wp-content\/uploads\/2015\/01\/Mirol-Inmobiliarias-Top.jpg\" \/>\r\n\t<meta property=\"og:image:width\" content=\"2480\" \/>\r\n\t<meta property=\"og:image:height\" content=\"591\" \/>\r\n\t<meta property=\"og:image:type\" content=\"image\/jpeg\" \/>\r\n<meta name=\"twitter:label1\" content=\"Tiempo de lectura\" \/>\n\t<meta name=\"twitter:data1\" content=\"4 minutos\" \/>\r\n<script type=\"application\/ld+json\" class=\"yoast-schema-graph\">{\"@context\":\"https:\/\/schema.org\",\"@graph\":[{\"@type\":\"WebPage\",\"@id\":\"https:\/\/www.mirol.com\/index.php\/mirol-software-erp-inmobiliario\/\",\"url\":\"https:\/\/www.mirol.com\/index.php\/mirol-software-erp-inmobiliario\/\",\"name\":\"Mirol Software para Inmobiliarias - Mirol SyS\",\"isPartOf\":{\"@id\":\"https:\/\/www.mirol.com\/#website\"},\"primaryImageOfPage\":{\"@id\":\"https:\/\/www.mirol.com\/index.php\/mirol-software-erp-inmobiliario\/#primaryimage\"},\"image\":{\"@id\":\"https:\/\/www.mirol.com\/index.php\/mirol-software-erp-inmobiliario\/#primaryimage\"},\"thumbnailUrl\":\"https:\/\/www.mirol.com\/wp-content\/uploads\/2015\/01\/Mirol-Inmobiliarias-Top.jpg\",\"datePublished\":\"2015-01-20T18:40:51+00:00\",\"dateModified\":\"2023-11-16T18:21:58+00:00\",\"description\":\"Mirol Software Inmobiliarias, es el resultado de 40 a\u00f1os desarrollando e implementando software para el mercado inmobiliario de Argentina.\",\"breadcrumb\":{\"@id\":\"https:\/\/www.mirol.com\/index.php\/mirol-software-erp-inmobiliario\/#breadcrumb\"},\"inLanguage\":\"es\",\"potentialAction\":[{\"@type\":\"ReadAction\",\"target\":[\"https:\/\/www.mirol.com\/index.php\/mirol-software-erp-inmobiliario\/\"]}]},{\"@type\":\"ImageObject\",\"inLanguage\":\"es\",\"@id\":\"https:\/\/www.mirol.com\/index.php\/mirol-software-erp-inmobiliario\/#primaryimage\",\"url\":\"https:\/\/www.mirol.com\/wp-content\/uploads\/2015\/01\/Mirol-Inmobiliarias-Top.jpg\",\"contentUrl\":\"https:\/\/www.mirol.com\/wp-content\/uploads\/2015\/01\/Mirol-Inmobiliarias-Top.jpg\",\"width\":2480,\"height\":591,\"caption\":\"Mirol Software ERP Inmobiliario\"},{\"@type\":\"BreadcrumbList\",\"@id\":\"https:\/\/www.mirol.com\/index.php\/mirol-software-erp-inmobiliario\/#breadcrumb\",\"itemListElement\":[{\"@type\":\"ListItem\",\"position\":1,\"name\":\"Portada\",\"item\":\"https:\/\/www.mirol.com\/\"},{\"@type\":\"ListItem\",\"position\":2,\"name\":\"Mirol Software para Inmobiliarias\"}]},{\"@type\":\"WebSite\",\"@id\":\"https:\/\/www.mirol.com\/#website\",\"url\":\"https:\/\/www.mirol.com\/\",\"name\":\"Mirol SyS\",\"description\":\"Software de Gesti\u00f3n para Empresas\",\"publisher\":{\"@id\":\"https:\/\/www.mirol.com\/#organization\"},\"potentialAction\":[{\"@type\":\"SearchAction\",\"target\":{\"@type\":\"EntryPoint\",\"urlTemplate\":\"https:\/\/www.mirol.com\/?s={search_term_string}\"},\"query-input\":\"required name=search_term_string\"}],\"inLanguage\":\"es\"},{\"@type\":\"Organization\",\"@id\":\"https:\/\/www.mirol.com\/#organization\",\"name\":\"Mirol SyS\",\"url\":\"https:\/\/www.mirol.com\/\",\"logo\":{\"@type\":\"ImageObject\",\"inLanguage\":\"es\",\"@id\":\"https:\/\/www.mirol.com\/#\/schema\/logo\/image\/\",\"url\":\"https:\/\/www.mirol.com\/wp-content\/uploads\/2015\/05\/Logo-rectangular.jpg\",\"contentUrl\":\"https:\/\/www.mirol.com\/wp-content\/uploads\/2015\/05\/Logo-rectangular.jpg\",\"width\":191,\"height\":74,\"caption\":\"Mirol SyS\"},\"image\":{\"@id\":\"https:\/\/www.mirol.com\/#\/schema\/logo\/image\/\"}}]}<\/script>\r\n<!-- \/ Yoast SEO plugin. -->","yoast_head_json":{"title":"Mirol Software para Inmobiliarias - Mirol SyS","description":"Mirol Software Inmobiliarias, es el resultado de 40 a\u00f1os desarrollando e implementando software para el mercado inmobiliario de Argentina.","robots":{"index":"index","follow":"follow","max-snippet":"max-snippet:-1","max-image-preview":"max-image-preview:large","max-video-preview":"max-video-preview:-1"},"canonical":"https:\/\/www.mirol.com\/index.php\/mirol-software-erp-inmobiliario\/","og_locale":"es_ES","og_type":"article","og_title":"Mirol Software para Inmobiliarias - Mirol SyS","og_description":"Mirol Software Inmobiliarias, es el resultado de 40 a\u00f1os desarrollando e implementando software para el mercado inmobiliario de Argentina.","og_url":"https:\/\/www.mirol.com\/index.php\/mirol-software-erp-inmobiliario\/","og_site_name":"Mirol SyS","article_modified_time":"2023-11-16T18:21:58+00:00","og_image":[{"width":2480,"height":591,"url":"https:\/\/www.mirol.com\/wp-content\/uploads\/2015\/01\/Mirol-Inmobiliarias-Top.jpg","type":"image\/jpeg"}],"twitter_misc":{"Tiempo de lectura":"4 minutos"},"schema":{"@context":"https:\/\/schema.org","@graph":[{"@type":"WebPage","@id":"https:\/\/www.mirol.com\/index.php\/mirol-software-erp-inmobiliario\/","url":"https:\/\/www.mirol.com\/index.php\/mirol-software-erp-inmobiliario\/","name":"Mirol Software para Inmobiliarias - Mirol SyS","isPartOf":{"@id":"https:\/\/www.mirol.com\/#website"},"primaryImageOfPage":{"@id":"https:\/\/www.mirol.com\/index.php\/mirol-software-erp-inmobiliario\/#primaryimage"},"image":{"@id":"https:\/\/www.mirol.com\/index.php\/mirol-software-erp-inmobiliario\/#primaryimage"},"thumbnailUrl":"https:\/\/www.mirol.com\/wp-content\/uploads\/2015\/01\/Mirol-Inmobiliarias-Top.jpg","datePublished":"2015-01-20T18:40:51+00:00","dateModified":"2023-11-16T18:21:58+00:00","description":"Mirol Software Inmobiliarias, es el resultado de 40 a\u00f1os desarrollando e implementando software para el mercado inmobiliario de Argentina.","breadcrumb":{"@id":"https:\/\/www.mirol.com\/index.php\/mirol-software-erp-inmobiliario\/#breadcrumb"},"inLanguage":"es","potentialAction":[{"@type":"ReadAction","target":["https:\/\/www.mirol.com\/index.php\/mirol-software-erp-inmobiliario\/"]}]},{"@type":"ImageObject","inLanguage":"es","@id":"https:\/\/www.mirol.com\/index.php\/mirol-software-erp-inmobiliario\/#primaryimage","url":"https:\/\/www.mirol.com\/wp-content\/uploads\/2015\/01\/Mirol-Inmobiliarias-Top.jpg","contentUrl":"https:\/\/www.mirol.com\/wp-content\/uploads\/2015\/01\/Mirol-Inmobiliarias-Top.jpg","width":2480,"height":591,"caption":"Mirol Software ERP Inmobiliario"},{"@type":"BreadcrumbList","@id":"https:\/\/www.mirol.com\/index.php\/mirol-software-erp-inmobiliario\/#breadcrumb","itemListElement":[{"@type":"ListItem","position":1,"name":"Portada","item":"https:\/\/www.mirol.com\/"},{"@type":"ListItem","position":2,"name":"Mirol Software para Inmobiliarias"}]},{"@type":"WebSite","@id":"https:\/\/www.mirol.com\/#website","url":"https:\/\/www.mirol.com\/","name":"Mirol SyS","description":"Software de Gesti\u00f3n para Empresas","publisher":{"@id":"https:\/\/www.mirol.com\/#organization"},"potentialAction":[{"@type":"SearchAction","target":{"@type":"EntryPoint","urlTemplate":"https:\/\/www.mirol.com\/?s={search_term_string}"},"query-input":"required name=search_term_string"}],"inLanguage":"es"},{"@type":"Organization","@id":"https:\/\/www.mirol.com\/#organization","name":"Mirol SyS","url":"https:\/\/www.mirol.com\/","logo":{"@type":"ImageObject","inLanguage":"es","@id":"https:\/\/www.mirol.com\/#\/schema\/logo\/image\/","url":"https:\/\/www.mirol.com\/wp-content\/uploads\/2015\/05\/Logo-rectangular.jpg","contentUrl":"https:\/\/www.mirol.com\/wp-content\/uploads\/2015\/05\/Logo-rectangular.jpg","width":191,"height":74,"caption":"Mirol SyS"},"image":{"@id":"https:\/\/www.mirol.com\/#\/schema\/logo\/image\/"}}]}},"_links":{"self":[{"href":"https:\/\/www.mirol.com\/index.php\/wp-json\/wp\/v2\/pages\/91","targetHints":{"allow":["GET"]}}],"collection":[{"href":"https:\/\/www.mirol.com\/index.php\/wp-json\/wp\/v2\/pages"}],"about":[{"href":"https:\/\/www.mirol.com\/index.php\/wp-json\/wp\/v2\/types\/page"}],"author":[{"embeddable":true,"href":"https:\/\/www.mirol.com\/index.php\/wp-json\/wp\/v2\/users\/1"}],"replies":[{"embeddable":true,"href":"https:\/\/www.mirol.com\/index.php\/wp-json\/wp\/v2\/comments?post=91"}],"version-history":[{"count":18,"href":"https:\/\/www.mirol.com\/index.php\/wp-json\/wp\/v2\/pages\/91\/revisions"}],"predecessor-version":[{"id":1211,"href":"https:\/\/www.mirol.com\/index.php\/wp-json\/wp\/v2\/pages\/91\/revisions\/1211"}],"wp:featuredmedia":[{"embeddable":true,"href":"https:\/\/www.mirol.com\/index.php\/wp-json\/wp\/v2\/media\/465"}],"wp:attachment":[{"href":"https:\/\/www.mirol.com\/index.php\/wp-json\/wp\/v2\/media?parent=91"}],"curies":[{"name":"wp","href":"https:\/\/api.w.org\/{rel}","templated":true}]}}